{"id":91514,"date":"2026-04-23T00:02:22","date_gmt":"2026-04-22T21:02:22","guid":{"rendered":"https:\/\/rezekne.citro.lv\/veikals\/sausini-kviesu-rudzu-tomatu-spicy-flint-50g\/"},"modified":"2026-04-27T06:00:13","modified_gmt":"2026-04-27T03:00:13","slug":"sausini-kviesu-rudzu-tomatu-spicy-flint-50g","status":"publish","type":"product","link":"https:\/\/rezekne.citro.lv\/ru\/product\/sausini-kviesu-rudzu-tomatu-spicy-flint-50g\/","title":{"rendered":"SAUSI\u0145I KVIE\u0160U-RUDZU TOM\u0100TU SPICY FLINT 50G"},"content":{"rendered":"<p>Izcelsmes valsts: Ukraina<\/p>\n","protected":false},"excerpt":{"rendered":"<p>7.80 \u20ac\/KG<\/p>\n","protected":false},"featured_media":0,"template":"","meta":{"_acf_changed":false,"inline_featured_image":false},"product_cat":[215,563],"product_tag":[],"acf":[],"aioseo_notices":[],"_links":{"self":[{"href":"https:\/\/rezekne.citro.lv\/ru\/wp-json\/wp\/v2\/product\/91514"}],"collection":[{"href":"https:\/\/rezekne.citro.lv\/ru\/wp-json\/wp\/v2\/product"}],"about":[{"href":"https:\/\/rezekne.citro.lv\/ru\/wp-json\/wp\/v2\/types\/product"}],"wp:attachment":[{"href":"https:\/\/rezekne.citro.lv\/ru\/wp-json\/wp\/v2\/media?parent=91514"}],"wp:term":[{"taxonomy":"product_cat","embeddable":true,"href":"https:\/\/rezekne.citro.lv\/ru\/wp-json\/wp\/v2\/product_cat?post=91514"},{"taxonomy":"product_tag","embeddable":true,"href":"https:\/\/rezekne.citro.lv\/ru\/wp-json\/wp\/v2\/product_tag?post=91514"}],"curies":[{"name":"wp","href":"https:\/\/api.w.org\/{rel}","templated":true}]}}