{"id":91519,"date":"2026-05-07T00:01:54","date_gmt":"2026-05-06T21:01:54","guid":{"rendered":"https:\/\/rezekne.citro.lv\/veikals\/jogurts-grieku-baltais-ar-auzam-un-zemenem-duo-180g\/"},"modified":"2026-05-08T18:00:08","modified_gmt":"2026-05-08T15:00:08","slug":"jogurts-grieku-baltais-ar-auzam-un-zemenem-duo-180g","status":"publish","type":"product","link":"https:\/\/rezekne.citro.lv\/ru\/product\/jogurts-grieku-baltais-ar-auzam-un-zemenem-duo-180g\/","title":{"rendered":"JOGURTS GRIE\u0136U BALTAIS AR AUZ\u0100M UN ZEMEN\u0112M DUO 180G"},"content":{"rendered":"<p>Izcelsmes valsts: Latvija<\/p>\n","protected":false},"excerpt":{"rendered":"<p>5.83 \u20ac\/KG<\/p>\n","protected":false},"featured_media":83193,"template":"","meta":{"_acf_changed":false,"inline_featured_image":false},"product_cat":[95,100],"product_tag":[],"acf":[],"aioseo_notices":[],"_links":{"self":[{"href":"https:\/\/rezekne.citro.lv\/ru\/wp-json\/wp\/v2\/product\/91519"}],"collection":[{"href":"https:\/\/rezekne.citro.lv\/ru\/wp-json\/wp\/v2\/product"}],"about":[{"href":"https:\/\/rezekne.citro.lv\/ru\/wp-json\/wp\/v2\/types\/product"}],"wp:featuredmedia":[{"embeddable":true,"href":"https:\/\/rezekne.citro.lv\/ru\/wp-json\/wp\/v2\/media\/83193"}],"wp:attachment":[{"href":"https:\/\/rezekne.citro.lv\/ru\/wp-json\/wp\/v2\/media?parent=91519"}],"wp:term":[{"taxonomy":"product_cat","embeddable":true,"href":"https:\/\/rezekne.citro.lv\/ru\/wp-json\/wp\/v2\/product_cat?post=91519"},{"taxonomy":"product_tag","embeddable":true,"href":"https:\/\/rezekne.citro.lv\/ru\/wp-json\/wp\/v2\/product_tag?post=91519"}],"curies":[{"name":"wp","href":"https:\/\/api.w.org\/{rel}","templated":true}]}}