{"id":91522,"date":"2026-02-10T00:02:04","date_gmt":"2026-02-09T22:02:04","guid":{"rendered":"https:\/\/rezekne.citro.lv\/veikals\/siers-tilzites-baltais-skelites-500g\/"},"modified":"2026-04-11T06:00:24","modified_gmt":"2026-04-11T03:00:24","slug":"siers-tilzites-baltais-skelites-500g","status":"publish","type":"product","link":"https:\/\/rezekne.citro.lv\/ru\/product\/siers-tilzites-baltais-skelites-500g\/","title":{"rendered":"SIERS TILZ\u012aTES BALTAIS \u0160\u0136\u0112L\u012aT\u0112S 500G"},"content":{"rendered":"<p>Izcelsmes valsts: Igaunija<\/p>\n","protected":false},"excerpt":{"rendered":"<p>11.98 \u20ac\/KG<\/p>\n","protected":false},"featured_media":91763,"template":"","meta":{"_acf_changed":false,"inline_featured_image":false},"product_cat":[95,224],"product_tag":[],"acf":[],"aioseo_notices":[],"_links":{"self":[{"href":"https:\/\/rezekne.citro.lv\/ru\/wp-json\/wp\/v2\/product\/91522"}],"collection":[{"href":"https:\/\/rezekne.citro.lv\/ru\/wp-json\/wp\/v2\/product"}],"about":[{"href":"https:\/\/rezekne.citro.lv\/ru\/wp-json\/wp\/v2\/types\/product"}],"wp:featuredmedia":[{"embeddable":true,"href":"https:\/\/rezekne.citro.lv\/ru\/wp-json\/wp\/v2\/media\/91763"}],"wp:attachment":[{"href":"https:\/\/rezekne.citro.lv\/ru\/wp-json\/wp\/v2\/media?parent=91522"}],"wp:term":[{"taxonomy":"product_cat","embeddable":true,"href":"https:\/\/rezekne.citro.lv\/ru\/wp-json\/wp\/v2\/product_cat?post=91522"},{"taxonomy":"product_tag","embeddable":true,"href":"https:\/\/rezekne.citro.lv\/ru\/wp-json\/wp\/v2\/product_tag?post=91522"}],"curies":[{"name":"wp","href":"https:\/\/api.w.org\/{rel}","templated":true}]}}