{"id":91524,"date":"2026-05-07T00:01:54","date_gmt":"2026-05-06T21:01:54","guid":{"rendered":"https:\/\/rezekne.citro.lv\/veikals\/sausini-kviesu-rudzu-krejums-zalumi-flint-50g\/"},"modified":"2026-05-14T09:00:05","modified_gmt":"2026-05-14T06:00:05","slug":"sausini-kviesu-rudzu-krejums-zalumi-flint-50g","status":"publish","type":"product","link":"https:\/\/rezekne.citro.lv\/ru\/product\/sausini-kviesu-rudzu-krejums-zalumi-flint-50g\/","title":{"rendered":"SAUSI\u0145I KVIE\u0160U-RUDZU KR\u0112JUMS ZA\u013bUMI  FLINT 50G"},"content":{"rendered":"<p>Izcelsmes valsts: Ukraina<\/p>\n","protected":false},"excerpt":{"rendered":"<p>7.80 \u20ac\/KG<\/p>\n","protected":false},"featured_media":91903,"template":"","meta":{"_acf_changed":false,"inline_featured_image":false},"product_cat":[215,563],"product_tag":[],"acf":[],"aioseo_notices":[],"_links":{"self":[{"href":"https:\/\/rezekne.citro.lv\/ru\/wp-json\/wp\/v2\/product\/91524"}],"collection":[{"href":"https:\/\/rezekne.citro.lv\/ru\/wp-json\/wp\/v2\/product"}],"about":[{"href":"https:\/\/rezekne.citro.lv\/ru\/wp-json\/wp\/v2\/types\/product"}],"wp:featuredmedia":[{"embeddable":true,"href":"https:\/\/rezekne.citro.lv\/ru\/wp-json\/wp\/v2\/media\/91903"}],"wp:attachment":[{"href":"https:\/\/rezekne.citro.lv\/ru\/wp-json\/wp\/v2\/media?parent=91524"}],"wp:term":[{"taxonomy":"product_cat","embeddable":true,"href":"https:\/\/rezekne.citro.lv\/ru\/wp-json\/wp\/v2\/product_cat?post=91524"},{"taxonomy":"product_tag","embeddable":true,"href":"https:\/\/rezekne.citro.lv\/ru\/wp-json\/wp\/v2\/product_tag?post=91524"}],"curies":[{"name":"wp","href":"https:\/\/api.w.org\/{rel}","templated":true}]}}