{"id":91618,"date":"2026-04-23T00:46:20","date_gmt":"2026-04-22T21:46:20","guid":{"rendered":"https:\/\/rezekne.citro.lv\/veikals\/ievarijums-kirsu-kullus-400g\/"},"modified":"2026-04-24T06:04:47","modified_gmt":"2026-04-24T03:04:47","slug":"ievarijums-kirsu-kullus-400g","status":"publish","type":"product","link":"https:\/\/rezekne.citro.lv\/ru\/product\/ievarijums-kirsu-kullus-400g\/","title":{"rendered":"IEV\u0100R\u012aJUMS \u0136IR\u0160U KULLUS 400G"},"content":{"rendered":"<p>Izcelsmes valsts: Igaunija<\/p>\n","protected":false},"excerpt":{"rendered":"<p>6.98 \u20ac\/KG<\/p>\n","protected":false},"featured_media":93320,"template":"","meta":{"_acf_changed":false,"inline_featured_image":false},"product_cat":[103,193],"product_tag":[],"acf":[],"aioseo_notices":[],"_links":{"self":[{"href":"https:\/\/rezekne.citro.lv\/ru\/wp-json\/wp\/v2\/product\/91618"}],"collection":[{"href":"https:\/\/rezekne.citro.lv\/ru\/wp-json\/wp\/v2\/product"}],"about":[{"href":"https:\/\/rezekne.citro.lv\/ru\/wp-json\/wp\/v2\/types\/product"}],"wp:featuredmedia":[{"embeddable":true,"href":"https:\/\/rezekne.citro.lv\/ru\/wp-json\/wp\/v2\/media\/93320"}],"wp:attachment":[{"href":"https:\/\/rezekne.citro.lv\/ru\/wp-json\/wp\/v2\/media?parent=91618"}],"wp:term":[{"taxonomy":"product_cat","embeddable":true,"href":"https:\/\/rezekne.citro.lv\/ru\/wp-json\/wp\/v2\/product_cat?post=91618"},{"taxonomy":"product_tag","embeddable":true,"href":"https:\/\/rezekne.citro.lv\/ru\/wp-json\/wp\/v2\/product_tag?post=91618"}],"curies":[{"name":"wp","href":"https:\/\/api.w.org\/{rel}","templated":true}]}}