{"id":91622,"date":"2026-03-26T00:45:21","date_gmt":"2026-03-25T22:45:21","guid":{"rendered":"https:\/\/rezekne.citro.lv\/veikals\/ievarijums-zemenu-rongu-mahl-1kg\/"},"modified":"2026-05-01T06:10:42","modified_gmt":"2026-05-01T03:10:42","slug":"ievarijums-zemenu-rongu-mahl-1kg","status":"publish","type":"product","link":"https:\/\/rezekne.citro.lv\/ru\/product\/ievarijums-zemenu-rongu-mahl-1kg\/","title":{"rendered":"IEV\u0100R\u012aJUMS ZEME\u0145U RONGU MAHL 1KG"},"content":{"rendered":"<p>Izcelsmes valsts: Igaunija<\/p>\n","protected":false},"excerpt":{"rendered":"<p>5.99 \u20ac\/KG<\/p>\n","protected":false},"featured_media":93704,"template":"","meta":{"_acf_changed":false,"inline_featured_image":false},"product_cat":[103,193],"product_tag":[],"acf":[],"aioseo_notices":[],"_links":{"self":[{"href":"https:\/\/rezekne.citro.lv\/ru\/wp-json\/wp\/v2\/product\/91622"}],"collection":[{"href":"https:\/\/rezekne.citro.lv\/ru\/wp-json\/wp\/v2\/product"}],"about":[{"href":"https:\/\/rezekne.citro.lv\/ru\/wp-json\/wp\/v2\/types\/product"}],"wp:featuredmedia":[{"embeddable":true,"href":"https:\/\/rezekne.citro.lv\/ru\/wp-json\/wp\/v2\/media\/93704"}],"wp:attachment":[{"href":"https:\/\/rezekne.citro.lv\/ru\/wp-json\/wp\/v2\/media?parent=91622"}],"wp:term":[{"taxonomy":"product_cat","embeddable":true,"href":"https:\/\/rezekne.citro.lv\/ru\/wp-json\/wp\/v2\/product_cat?post=91622"},{"taxonomy":"product_tag","embeddable":true,"href":"https:\/\/rezekne.citro.lv\/ru\/wp-json\/wp\/v2\/product_tag?post=91622"}],"curies":[{"name":"wp","href":"https:\/\/api.w.org\/{rel}","templated":true}]}}