{"id":92223,"date":"2026-03-26T00:02:51","date_gmt":"2026-03-25T22:02:51","guid":{"rendered":"https:\/\/rezekne.citro.lv\/veikals\/kakao-kiddy-skistoss-380g\/"},"modified":"2026-04-29T06:00:23","modified_gmt":"2026-04-29T03:00:23","slug":"kakao-kiddy-skistoss-380g","status":"publish","type":"product","link":"https:\/\/rezekne.citro.lv\/ru\/product\/kakao-kiddy-skistoss-380g\/","title":{"rendered":"KAKAO KIDDY \u0160\u0136\u012aSTO\u0160S 380G"},"content":{"rendered":"<p>Izcelsmes valsts: Polija<\/p>\n","protected":false},"excerpt":{"rendered":"<p>11.55 \u20ac\/KG<\/p>\n","protected":false},"featured_media":92221,"template":"","meta":{"_acf_changed":false,"inline_featured_image":false},"product_cat":[142,161],"product_tag":[],"acf":[],"aioseo_notices":[],"_links":{"self":[{"href":"https:\/\/rezekne.citro.lv\/ru\/wp-json\/wp\/v2\/product\/92223"}],"collection":[{"href":"https:\/\/rezekne.citro.lv\/ru\/wp-json\/wp\/v2\/product"}],"about":[{"href":"https:\/\/rezekne.citro.lv\/ru\/wp-json\/wp\/v2\/types\/product"}],"wp:featuredmedia":[{"embeddable":true,"href":"https:\/\/rezekne.citro.lv\/ru\/wp-json\/wp\/v2\/media\/92221"}],"wp:attachment":[{"href":"https:\/\/rezekne.citro.lv\/ru\/wp-json\/wp\/v2\/media?parent=92223"}],"wp:term":[{"taxonomy":"product_cat","embeddable":true,"href":"https:\/\/rezekne.citro.lv\/ru\/wp-json\/wp\/v2\/product_cat?post=92223"},{"taxonomy":"product_tag","embeddable":true,"href":"https:\/\/rezekne.citro.lv\/ru\/wp-json\/wp\/v2\/product_tag?post=92223"}],"curies":[{"name":"wp","href":"https:\/\/api.w.org\/{rel}","templated":true}]}}