{"id":92615,"date":"2026-02-26T00:02:28","date_gmt":"2026-02-25T22:02:28","guid":{"rendered":"https:\/\/rezekne.citro.lv\/veikals\/saldejum-ekselence-ar-pekanriekstiem-un-salo-karameli-1l-480g\/"},"modified":"2026-04-26T06:00:21","modified_gmt":"2026-04-26T03:00:21","slug":"saldejum-ekselence-ar-pekanriekstiem-un-salo-karameli-1l-480g","status":"publish","type":"product","link":"https:\/\/rezekne.citro.lv\/ru\/product\/saldejum-ekselence-ar-pekanriekstiem-un-salo-karameli-1l-480g\/","title":{"rendered":"SALD\u0112JUM EKSELENCE AR PEKANRIEKSTIEM UN S\u0100\u013bO KARAMELI 1L\/480G"},"content":{"rendered":"<p>Izcelsmes valsts: Latvija<\/p>\n","protected":false},"excerpt":{"rendered":"<p>15.19 \u20ac\/KG<\/p>\n","protected":false},"featured_media":92353,"template":"","meta":{"_acf_changed":false,"inline_featured_image":false},"product_cat":[233,234],"product_tag":[],"acf":[],"aioseo_notices":[],"_links":{"self":[{"href":"https:\/\/rezekne.citro.lv\/ru\/wp-json\/wp\/v2\/product\/92615"}],"collection":[{"href":"https:\/\/rezekne.citro.lv\/ru\/wp-json\/wp\/v2\/product"}],"about":[{"href":"https:\/\/rezekne.citro.lv\/ru\/wp-json\/wp\/v2\/types\/product"}],"wp:featuredmedia":[{"embeddable":true,"href":"https:\/\/rezekne.citro.lv\/ru\/wp-json\/wp\/v2\/media\/92353"}],"wp:attachment":[{"href":"https:\/\/rezekne.citro.lv\/ru\/wp-json\/wp\/v2\/media?parent=92615"}],"wp:term":[{"taxonomy":"product_cat","embeddable":true,"href":"https:\/\/rezekne.citro.lv\/ru\/wp-json\/wp\/v2\/product_cat?post=92615"},{"taxonomy":"product_tag","embeddable":true,"href":"https:\/\/rezekne.citro.lv\/ru\/wp-json\/wp\/v2\/product_tag?post=92615"}],"curies":[{"name":"wp","href":"https:\/\/api.w.org\/{rel}","templated":true}]}}