{"id":92620,"date":"2026-02-26T00:04:51","date_gmt":"2026-02-25T22:04:51","guid":{"rendered":"https:\/\/rezekne.citro.lv\/veikals\/auto-logu-mazgasanas-skidrums-ziemas-20c-4l\/"},"modified":"2026-02-26T00:04:57","modified_gmt":"2026-02-25T22:04:57","slug":"auto-logu-mazgasanas-skidrums-ziemas-20c-4l","status":"publish","type":"product","link":"https:\/\/rezekne.citro.lv\/ru\/product\/auto-logu-mazgasanas-skidrums-ziemas-20c-4l\/","title":{"rendered":"AUTO LOGU MAZG\u0100\u0160ANAS \u0160\u0136IDRUMS ZIEMAS -20C 4L"},"content":{"rendered":"","protected":false},"excerpt":{"rendered":"<p>1.40 \u20ac\/L<\/p>\n","protected":false},"featured_media":65877,"template":"","meta":{"_acf_changed":false,"inline_featured_image":false},"product_cat":[607,131],"product_tag":[],"acf":[],"aioseo_notices":[],"_links":{"self":[{"href":"https:\/\/rezekne.citro.lv\/ru\/wp-json\/wp\/v2\/product\/92620"}],"collection":[{"href":"https:\/\/rezekne.citro.lv\/ru\/wp-json\/wp\/v2\/product"}],"about":[{"href":"https:\/\/rezekne.citro.lv\/ru\/wp-json\/wp\/v2\/types\/product"}],"wp:featuredmedia":[{"embeddable":true,"href":"https:\/\/rezekne.citro.lv\/ru\/wp-json\/wp\/v2\/media\/65877"}],"wp:attachment":[{"href":"https:\/\/rezekne.citro.lv\/ru\/wp-json\/wp\/v2\/media?parent=92620"}],"wp:term":[{"taxonomy":"product_cat","embeddable":true,"href":"https:\/\/rezekne.citro.lv\/ru\/wp-json\/wp\/v2\/product_cat?post=92620"},{"taxonomy":"product_tag","embeddable":true,"href":"https:\/\/rezekne.citro.lv\/ru\/wp-json\/wp\/v2\/product_tag?post=92620"}],"curies":[{"name":"wp","href":"https:\/\/api.w.org\/{rel}","templated":true}]}}