{"id":93078,"date":"2026-04-23T00:03:00","date_gmt":"2026-04-22T21:03:00","guid":{"rendered":"https:\/\/rezekne.citro.lv\/veikals\/klucisi-aizdedzinasanas-brunie-flambit-48gab\/"},"modified":"2026-04-23T06:00:27","modified_gmt":"2026-04-23T03:00:27","slug":"klucisi-aizdedzinasanas-brunie-flambit-48gab","status":"publish","type":"product","link":"https:\/\/rezekne.citro.lv\/ru\/product\/klucisi-aizdedzinasanas-brunie-flambit-48gab\/","title":{"rendered":"KLUC\u012a\u0160I AIZDEDZIN\u0100\u0160ANAS BR\u016aNIE FLAMBIT 48GAB"},"content":{"rendered":"","protected":false},"excerpt":{"rendered":"<p>0.02 \u20ac\/GAB<\/p>\n","protected":false},"featured_media":92683,"template":"","meta":{"_acf_changed":false,"inline_featured_image":false},"product_cat":[131,183],"product_tag":[],"acf":[],"aioseo_notices":[],"_links":{"self":[{"href":"https:\/\/rezekne.citro.lv\/ru\/wp-json\/wp\/v2\/product\/93078"}],"collection":[{"href":"https:\/\/rezekne.citro.lv\/ru\/wp-json\/wp\/v2\/product"}],"about":[{"href":"https:\/\/rezekne.citro.lv\/ru\/wp-json\/wp\/v2\/types\/product"}],"wp:featuredmedia":[{"embeddable":true,"href":"https:\/\/rezekne.citro.lv\/ru\/wp-json\/wp\/v2\/media\/92683"}],"wp:attachment":[{"href":"https:\/\/rezekne.citro.lv\/ru\/wp-json\/wp\/v2\/media?parent=93078"}],"wp:term":[{"taxonomy":"product_cat","embeddable":true,"href":"https:\/\/rezekne.citro.lv\/ru\/wp-json\/wp\/v2\/product_cat?post=93078"},{"taxonomy":"product_tag","embeddable":true,"href":"https:\/\/rezekne.citro.lv\/ru\/wp-json\/wp\/v2\/product_tag?post=93078"}],"curies":[{"name":"wp","href":"https:\/\/api.w.org\/{rel}","templated":true}]}}