{"id":93114,"date":"2026-03-30T00:02:17","date_gmt":"2026-03-29T21:02:17","guid":{"rendered":"https:\/\/rezekne.citro.lv\/veikals\/apelsini-tumsie-videji-onix-kg\/"},"modified":"2026-03-30T09:00:16","modified_gmt":"2026-03-30T06:00:16","slug":"apelsini-tumsie-videji-onix-kg","status":"publish","type":"product","link":"https:\/\/rezekne.citro.lv\/ru\/product\/apelsini-tumsie-videji-onix-kg\/","title":{"rendered":"APELS\u012aNI TUM\u0160IE VID\u0112JI ONIX KG"},"content":{"rendered":"","protected":false},"excerpt":{"rendered":"<p>4.69 \u20ac\/KG<\/p>\n","protected":false},"featured_media":93107,"template":"","meta":{"_acf_changed":false,"inline_featured_image":false},"product_cat":[97,98],"product_tag":[],"acf":[],"aioseo_notices":[],"_links":{"self":[{"href":"https:\/\/rezekne.citro.lv\/ru\/wp-json\/wp\/v2\/product\/93114"}],"collection":[{"href":"https:\/\/rezekne.citro.lv\/ru\/wp-json\/wp\/v2\/product"}],"about":[{"href":"https:\/\/rezekne.citro.lv\/ru\/wp-json\/wp\/v2\/types\/product"}],"wp:featuredmedia":[{"embeddable":true,"href":"https:\/\/rezekne.citro.lv\/ru\/wp-json\/wp\/v2\/media\/93107"}],"wp:attachment":[{"href":"https:\/\/rezekne.citro.lv\/ru\/wp-json\/wp\/v2\/media?parent=93114"}],"wp:term":[{"taxonomy":"product_cat","embeddable":true,"href":"https:\/\/rezekne.citro.lv\/ru\/wp-json\/wp\/v2\/product_cat?post=93114"},{"taxonomy":"product_tag","embeddable":true,"href":"https:\/\/rezekne.citro.lv\/ru\/wp-json\/wp\/v2\/product_tag?post=93114"}],"curies":[{"name":"wp","href":"https:\/\/api.w.org\/{rel}","templated":true}]}}