{"id":93181,"date":"2026-03-26T00:30:31","date_gmt":"2026-03-25T22:30:31","guid":{"rendered":"https:\/\/rezekne.citro.lv\/veikals\/bariba-kakiem-dofeed-sterilised-ar-majputnu-galu-800g\/"},"modified":"2026-04-21T06:03:22","modified_gmt":"2026-04-21T03:03:22","slug":"bariba-kakiem-dofeed-sterilised-ar-majputnu-galu-800g","status":"publish","type":"product","link":"https:\/\/rezekne.citro.lv\/ru\/product\/bariba-kakiem-dofeed-sterilised-ar-majputnu-galu-800g\/","title":{"rendered":"BAR\u012aBA KA\u0136IEM DOFEED STERILISED AR M\u0100JPUTNU GA\u013bU 800G"},"content":{"rendered":"<p>Izcelsmes valsts: Lietuva<\/p>\n","protected":false},"excerpt":{"rendered":"<p>4.99 \u20ac\/KG<\/p>\n","protected":false},"featured_media":93334,"template":"","meta":{"_acf_changed":false,"inline_featured_image":false},"product_cat":[153,175],"product_tag":[],"acf":[],"aioseo_notices":[],"_links":{"self":[{"href":"https:\/\/rezekne.citro.lv\/ru\/wp-json\/wp\/v2\/product\/93181"}],"collection":[{"href":"https:\/\/rezekne.citro.lv\/ru\/wp-json\/wp\/v2\/product"}],"about":[{"href":"https:\/\/rezekne.citro.lv\/ru\/wp-json\/wp\/v2\/types\/product"}],"wp:featuredmedia":[{"embeddable":true,"href":"https:\/\/rezekne.citro.lv\/ru\/wp-json\/wp\/v2\/media\/93334"}],"wp:attachment":[{"href":"https:\/\/rezekne.citro.lv\/ru\/wp-json\/wp\/v2\/media?parent=93181"}],"wp:term":[{"taxonomy":"product_cat","embeddable":true,"href":"https:\/\/rezekne.citro.lv\/ru\/wp-json\/wp\/v2\/product_cat?post=93181"},{"taxonomy":"product_tag","embeddable":true,"href":"https:\/\/rezekne.citro.lv\/ru\/wp-json\/wp\/v2\/product_tag?post=93181"}],"curies":[{"name":"wp","href":"https:\/\/api.w.org\/{rel}","templated":true}]}}