{"id":93182,"date":"2026-02-28T00:01:57","date_gmt":"2026-02-27T22:01:57","guid":{"rendered":"https:\/\/rezekne.citro.lv\/veikals\/bariba-kakiem-dofeed-sterilized-ar-majputnu-galu-1-5kg\/"},"modified":"2026-04-21T15:00:29","modified_gmt":"2026-04-21T12:00:29","slug":"bariba-kakiem-dofeed-sterilized-ar-majputnu-galu-1-5kg","status":"publish","type":"product","link":"https:\/\/rezekne.citro.lv\/ru\/product\/bariba-kakiem-dofeed-sterilized-ar-majputnu-galu-1-5kg\/","title":{"rendered":"BAR\u012aBA KA\u0136IEM DOFEED STERILIZED AR M\u0100JPUTNU GA\u013bU 1.5KG"},"content":{"rendered":"<p>Izcelsmes valsts: Lietuva<\/p>\n","protected":false},"excerpt":{"rendered":"<p>3.73 \u20ac\/KG<\/p>\n","protected":false},"featured_media":0,"template":"","meta":{"_acf_changed":false,"inline_featured_image":false},"product_cat":[153,175],"product_tag":[],"acf":[],"aioseo_notices":[],"_links":{"self":[{"href":"https:\/\/rezekne.citro.lv\/ru\/wp-json\/wp\/v2\/product\/93182"}],"collection":[{"href":"https:\/\/rezekne.citro.lv\/ru\/wp-json\/wp\/v2\/product"}],"about":[{"href":"https:\/\/rezekne.citro.lv\/ru\/wp-json\/wp\/v2\/types\/product"}],"wp:attachment":[{"href":"https:\/\/rezekne.citro.lv\/ru\/wp-json\/wp\/v2\/media?parent=93182"}],"wp:term":[{"taxonomy":"product_cat","embeddable":true,"href":"https:\/\/rezekne.citro.lv\/ru\/wp-json\/wp\/v2\/product_cat?post=93182"},{"taxonomy":"product_tag","embeddable":true,"href":"https:\/\/rezekne.citro.lv\/ru\/wp-json\/wp\/v2\/product_tag?post=93182"}],"curies":[{"name":"wp","href":"https:\/\/api.w.org\/{rel}","templated":true}]}}