{"id":93183,"date":"2026-02-28T00:01:57","date_gmt":"2026-02-27T22:01:57","guid":{"rendered":"https:\/\/rezekne.citro.lv\/veikals\/zefirs-pergale-ar-vanilas-garsu-505g\/"},"modified":"2026-04-05T06:03:02","modified_gmt":"2026-04-05T03:03:02","slug":"zefirs-pergale-ar-vanilas-garsu-505g","status":"publish","type":"product","link":"https:\/\/rezekne.citro.lv\/ru\/product\/zefirs-pergale-ar-vanilas-garsu-505g\/","title":{"rendered":"ZEF\u012aRS PERGALE AR VANI\u013bAS GAR\u0160U 505G"},"content":{"rendered":"<p>Izcelsmes valsts: Lietuva<\/p>\n","protected":false},"excerpt":{"rendered":"<p>4.93 \u20ac\/KG<\/p>\n","protected":false},"featured_media":93222,"template":"","meta":{"_acf_changed":false,"inline_featured_image":false},"product_cat":[125,207],"product_tag":[],"acf":[],"aioseo_notices":[],"_links":{"self":[{"href":"https:\/\/rezekne.citro.lv\/ru\/wp-json\/wp\/v2\/product\/93183"}],"collection":[{"href":"https:\/\/rezekne.citro.lv\/ru\/wp-json\/wp\/v2\/product"}],"about":[{"href":"https:\/\/rezekne.citro.lv\/ru\/wp-json\/wp\/v2\/types\/product"}],"wp:featuredmedia":[{"embeddable":true,"href":"https:\/\/rezekne.citro.lv\/ru\/wp-json\/wp\/v2\/media\/93222"}],"wp:attachment":[{"href":"https:\/\/rezekne.citro.lv\/ru\/wp-json\/wp\/v2\/media?parent=93183"}],"wp:term":[{"taxonomy":"product_cat","embeddable":true,"href":"https:\/\/rezekne.citro.lv\/ru\/wp-json\/wp\/v2\/product_cat?post=93183"},{"taxonomy":"product_tag","embeddable":true,"href":"https:\/\/rezekne.citro.lv\/ru\/wp-json\/wp\/v2\/product_tag?post=93183"}],"curies":[{"name":"wp","href":"https:\/\/api.w.org\/{rel}","templated":true}]}}