{"id":93247,"date":"2026-04-23T00:31:24","date_gmt":"2026-04-22T21:31:24","guid":{"rendered":"https:\/\/rezekne.citro.lv\/veikals\/nektars-elmenhoster-darzenu-100-1l\/"},"modified":"2026-05-06T06:03:34","modified_gmt":"2026-05-06T03:03:34","slug":"nektars-elmenhoster-darzenu-100-1l","status":"publish","type":"product","link":"https:\/\/rezekne.citro.lv\/ru\/product\/nektars-elmenhoster-darzenu-100-1l\/","title":{"rendered":"NEKT\u0100RS ELMENHOSTER D\u0100RZE\u0145U 100% 1L"},"content":{"rendered":"<p>Izcelsmes valsts: Lietuva<\/p>\n","protected":false},"excerpt":{"rendered":"<p>1.59 \u20ac\/L<\/p>\n","protected":false},"featured_media":93445,"template":"","meta":{"_acf_changed":false,"inline_featured_image":false},"product_cat":[106,124],"product_tag":[],"acf":[],"aioseo_notices":[],"_links":{"self":[{"href":"https:\/\/rezekne.citro.lv\/ru\/wp-json\/wp\/v2\/product\/93247"}],"collection":[{"href":"https:\/\/rezekne.citro.lv\/ru\/wp-json\/wp\/v2\/product"}],"about":[{"href":"https:\/\/rezekne.citro.lv\/ru\/wp-json\/wp\/v2\/types\/product"}],"wp:featuredmedia":[{"embeddable":true,"href":"https:\/\/rezekne.citro.lv\/ru\/wp-json\/wp\/v2\/media\/93445"}],"wp:attachment":[{"href":"https:\/\/rezekne.citro.lv\/ru\/wp-json\/wp\/v2\/media?parent=93247"}],"wp:term":[{"taxonomy":"product_cat","embeddable":true,"href":"https:\/\/rezekne.citro.lv\/ru\/wp-json\/wp\/v2\/product_cat?post=93247"},{"taxonomy":"product_tag","embeddable":true,"href":"https:\/\/rezekne.citro.lv\/ru\/wp-json\/wp\/v2\/product_tag?post=93247"}],"curies":[{"name":"wp","href":"https:\/\/api.w.org\/{rel}","templated":true}]}}