{"id":93248,"date":"2026-03-26T00:30:39","date_gmt":"2026-03-25T22:30:39","guid":{"rendered":"https:\/\/rezekne.citro.lv\/veikals\/pankukas-garsigas-ar-biezpienu-500g\/"},"modified":"2026-05-06T12:00:30","modified_gmt":"2026-05-06T09:00:30","slug":"pankukas-garsigas-ar-biezpienu-500g","status":"publish","type":"product","link":"https:\/\/rezekne.citro.lv\/ru\/product\/pankukas-garsigas-ar-biezpienu-500g\/","title":{"rendered":"PANK\u016aKAS GAR\u0160\u012aG\u0100S AR BIEZPIENU 500G"},"content":{"rendered":"<p>Izcelsmes valsts: Latvija<\/p>\n","protected":false},"excerpt":{"rendered":"<p>5.58 \u20ac\/KG<\/p>\n","protected":false},"featured_media":93387,"template":"","meta":{"_acf_changed":false,"inline_featured_image":false},"product_cat":[231,232],"product_tag":[],"acf":[],"aioseo_notices":[],"_links":{"self":[{"href":"https:\/\/rezekne.citro.lv\/ru\/wp-json\/wp\/v2\/product\/93248"}],"collection":[{"href":"https:\/\/rezekne.citro.lv\/ru\/wp-json\/wp\/v2\/product"}],"about":[{"href":"https:\/\/rezekne.citro.lv\/ru\/wp-json\/wp\/v2\/types\/product"}],"wp:featuredmedia":[{"embeddable":true,"href":"https:\/\/rezekne.citro.lv\/ru\/wp-json\/wp\/v2\/media\/93387"}],"wp:attachment":[{"href":"https:\/\/rezekne.citro.lv\/ru\/wp-json\/wp\/v2\/media?parent=93248"}],"wp:term":[{"taxonomy":"product_cat","embeddable":true,"href":"https:\/\/rezekne.citro.lv\/ru\/wp-json\/wp\/v2\/product_cat?post=93248"},{"taxonomy":"product_tag","embeddable":true,"href":"https:\/\/rezekne.citro.lv\/ru\/wp-json\/wp\/v2\/product_tag?post=93248"}],"curies":[{"name":"wp","href":"https:\/\/api.w.org\/{rel}","templated":true}]}}