{"id":93779,"date":"2026-04-23T00:16:04","date_gmt":"2026-04-22T21:16:04","guid":{"rendered":"https:\/\/rezekne.citro.lv\/veikals\/risi-ar-tvaiku-apstradati-taste-me-8x125g\/"},"modified":"2026-05-07T06:01:47","modified_gmt":"2026-05-07T03:01:47","slug":"risi-ar-tvaiku-apstradati-taste-me-8x125g","status":"publish","type":"product","link":"https:\/\/rezekne.citro.lv\/ru\/product\/risi-ar-tvaiku-apstradati-taste-me-8x125g\/","title":{"rendered":"R\u012aSI AR TVAIKU APSTR\u0100D\u0100TI TASTE ME 8X125G"},"content":{"rendered":"<p>Izcelsmes valsts: Mjanma<\/p>\n","protected":false},"excerpt":{"rendered":"<p>2.39 \u20ac\/KG<\/p>\n","protected":false},"featured_media":94342,"template":"","meta":{"_acf_changed":false,"inline_featured_image":false},"product_cat":[118,158],"product_tag":[],"acf":[],"aioseo_notices":[],"_links":{"self":[{"href":"https:\/\/rezekne.citro.lv\/ru\/wp-json\/wp\/v2\/product\/93779"}],"collection":[{"href":"https:\/\/rezekne.citro.lv\/ru\/wp-json\/wp\/v2\/product"}],"about":[{"href":"https:\/\/rezekne.citro.lv\/ru\/wp-json\/wp\/v2\/types\/product"}],"wp:featuredmedia":[{"embeddable":true,"href":"https:\/\/rezekne.citro.lv\/ru\/wp-json\/wp\/v2\/media\/94342"}],"wp:attachment":[{"href":"https:\/\/rezekne.citro.lv\/ru\/wp-json\/wp\/v2\/media?parent=93779"}],"wp:term":[{"taxonomy":"product_cat","embeddable":true,"href":"https:\/\/rezekne.citro.lv\/ru\/wp-json\/wp\/v2\/product_cat?post=93779"},{"taxonomy":"product_tag","embeddable":true,"href":"https:\/\/rezekne.citro.lv\/ru\/wp-json\/wp\/v2\/product_tag?post=93779"}],"curies":[{"name":"wp","href":"https:\/\/api.w.org\/{rel}","templated":true}]}}