{"id":93784,"date":"2026-04-09T00:02:44","date_gmt":"2026-04-08T21:02:44","guid":{"rendered":"https:\/\/rezekne.citro.lv\/veikals\/baklazanu-salati-konserveti-asie-500g\/"},"modified":"2026-04-09T00:02:47","modified_gmt":"2026-04-08T21:02:47","slug":"baklazanu-salati-konserveti-asie-500g","status":"publish","type":"product","link":"https:\/\/rezekne.citro.lv\/ru\/product\/baklazanu-salati-konserveti-asie-500g\/","title":{"rendered":"BAKLA\u017d\u0100NU SAL\u0100TI KONSERV\u0112TI ASIE 500G"},"content":{"rendered":"<p>Izcelsmes valsts: Polija<\/p>\n","protected":false},"excerpt":{"rendered":"<p>5.98 \u20ac\/KG<\/p>\n","protected":false},"featured_media":94155,"template":"","meta":{"_acf_changed":false,"inline_featured_image":false},"product_cat":[103,137],"product_tag":[],"acf":[],"aioseo_notices":[],"_links":{"self":[{"href":"https:\/\/rezekne.citro.lv\/ru\/wp-json\/wp\/v2\/product\/93784"}],"collection":[{"href":"https:\/\/rezekne.citro.lv\/ru\/wp-json\/wp\/v2\/product"}],"about":[{"href":"https:\/\/rezekne.citro.lv\/ru\/wp-json\/wp\/v2\/types\/product"}],"wp:featuredmedia":[{"embeddable":true,"href":"https:\/\/rezekne.citro.lv\/ru\/wp-json\/wp\/v2\/media\/94155"}],"wp:attachment":[{"href":"https:\/\/rezekne.citro.lv\/ru\/wp-json\/wp\/v2\/media?parent=93784"}],"wp:term":[{"taxonomy":"product_cat","embeddable":true,"href":"https:\/\/rezekne.citro.lv\/ru\/wp-json\/wp\/v2\/product_cat?post=93784"},{"taxonomy":"product_tag","embeddable":true,"href":"https:\/\/rezekne.citro.lv\/ru\/wp-json\/wp\/v2\/product_tag?post=93784"}],"curies":[{"name":"wp","href":"https:\/\/api.w.org\/{rel}","templated":true}]}}