{"id":93786,"date":"2026-03-26T00:03:31","date_gmt":"2026-03-25T22:03:31","guid":{"rendered":"https:\/\/rezekne.citro.lv\/veikals\/konserveti-ananasu-gabalini-franko-580ml\/"},"modified":"2026-03-31T06:00:25","modified_gmt":"2026-03-31T03:00:25","slug":"konserveti-ananasu-gabalini-franko-580ml","status":"publish","type":"product","link":"https:\/\/rezekne.citro.lv\/ru\/product\/konserveti-ananasu-gabalini-franko-580ml\/","title":{"rendered":"KONSERV\u0112TI ANAN\u0100SU GABALI\u0145I FRANKO 580ML"},"content":{"rendered":"<p>Izcelsmes valsts: Vjetnama<\/p>\n","protected":false},"excerpt":{"rendered":"<p>3.43 \u20ac\/L<\/p>\n","protected":false},"featured_media":90946,"template":"","meta":{"_acf_changed":false,"inline_featured_image":false},"product_cat":[103,193],"product_tag":[],"acf":[],"aioseo_notices":[],"_links":{"self":[{"href":"https:\/\/rezekne.citro.lv\/ru\/wp-json\/wp\/v2\/product\/93786"}],"collection":[{"href":"https:\/\/rezekne.citro.lv\/ru\/wp-json\/wp\/v2\/product"}],"about":[{"href":"https:\/\/rezekne.citro.lv\/ru\/wp-json\/wp\/v2\/types\/product"}],"wp:featuredmedia":[{"embeddable":true,"href":"https:\/\/rezekne.citro.lv\/ru\/wp-json\/wp\/v2\/media\/90946"}],"wp:attachment":[{"href":"https:\/\/rezekne.citro.lv\/ru\/wp-json\/wp\/v2\/media?parent=93786"}],"wp:term":[{"taxonomy":"product_cat","embeddable":true,"href":"https:\/\/rezekne.citro.lv\/ru\/wp-json\/wp\/v2\/product_cat?post=93786"},{"taxonomy":"product_tag","embeddable":true,"href":"https:\/\/rezekne.citro.lv\/ru\/wp-json\/wp\/v2\/product_tag?post=93786"}],"curies":[{"name":"wp","href":"https:\/\/api.w.org\/{rel}","templated":true}]}}