{"id":93790,"date":"2026-04-23T00:03:14","date_gmt":"2026-04-22T21:03:14","guid":{"rendered":"https:\/\/rezekne.citro.lv\/veikals\/tomati-cherry-sava-sula-680g\/"},"modified":"2026-04-28T06:00:27","modified_gmt":"2026-04-28T03:00:27","slug":"tomati-cherry-sava-sula-680g","status":"publish","type":"product","link":"https:\/\/rezekne.citro.lv\/ru\/product\/tomati-cherry-sava-sula-680g\/","title":{"rendered":"TOM\u0100TI CHERRY SAV\u0100 SUL\u0100 680G"},"content":{"rendered":"<p>Izcelsmes valsts: Polija<\/p>\n","protected":false},"excerpt":{"rendered":"<p>2.63 \u20ac\/KG<\/p>\n","protected":false},"featured_media":0,"template":"","meta":{"_acf_changed":false,"inline_featured_image":false},"product_cat":[103,137],"product_tag":[],"acf":[],"aioseo_notices":[],"_links":{"self":[{"href":"https:\/\/rezekne.citro.lv\/ru\/wp-json\/wp\/v2\/product\/93790"}],"collection":[{"href":"https:\/\/rezekne.citro.lv\/ru\/wp-json\/wp\/v2\/product"}],"about":[{"href":"https:\/\/rezekne.citro.lv\/ru\/wp-json\/wp\/v2\/types\/product"}],"wp:attachment":[{"href":"https:\/\/rezekne.citro.lv\/ru\/wp-json\/wp\/v2\/media?parent=93790"}],"wp:term":[{"taxonomy":"product_cat","embeddable":true,"href":"https:\/\/rezekne.citro.lv\/ru\/wp-json\/wp\/v2\/product_cat?post=93790"},{"taxonomy":"product_tag","embeddable":true,"href":"https:\/\/rezekne.citro.lv\/ru\/wp-json\/wp\/v2\/product_tag?post=93790"}],"curies":[{"name":"wp","href":"https:\/\/api.w.org\/{rel}","templated":true}]}}