{"id":93791,"date":"2026-05-07T00:02:07","date_gmt":"2026-05-06T21:02:07","guid":{"rendered":"https:\/\/rezekne.citro.lv\/veikals\/tualetes-papirs-zewa-everyday-3-kartu-6-rulli\/"},"modified":"2026-05-10T06:00:30","modified_gmt":"2026-05-10T03:00:30","slug":"tualetes-papirs-zewa-everyday-3-kartu-6-rulli","status":"publish","type":"product","link":"https:\/\/rezekne.citro.lv\/ru\/product\/tualetes-papirs-zewa-everyday-3-kartu-6-rulli\/","title":{"rendered":"TUALETES PAP\u012aRS ZEWA EVERYDAY 3 K\u0100RTU 6 RU\u013b\u013bI"},"content":{"rendered":"","protected":false},"excerpt":{"rendered":"<p>0.45 \u20ac\/GAB<\/p>\n","protected":false},"featured_media":94296,"template":"","meta":{"_acf_changed":false,"inline_featured_image":false},"product_cat":[131,163],"product_tag":[],"acf":[],"aioseo_notices":[],"_links":{"self":[{"href":"https:\/\/rezekne.citro.lv\/ru\/wp-json\/wp\/v2\/product\/93791"}],"collection":[{"href":"https:\/\/rezekne.citro.lv\/ru\/wp-json\/wp\/v2\/product"}],"about":[{"href":"https:\/\/rezekne.citro.lv\/ru\/wp-json\/wp\/v2\/types\/product"}],"wp:featuredmedia":[{"embeddable":true,"href":"https:\/\/rezekne.citro.lv\/ru\/wp-json\/wp\/v2\/media\/94296"}],"wp:attachment":[{"href":"https:\/\/rezekne.citro.lv\/ru\/wp-json\/wp\/v2\/media?parent=93791"}],"wp:term":[{"taxonomy":"product_cat","embeddable":true,"href":"https:\/\/rezekne.citro.lv\/ru\/wp-json\/wp\/v2\/product_cat?post=93791"},{"taxonomy":"product_tag","embeddable":true,"href":"https:\/\/rezekne.citro.lv\/ru\/wp-json\/wp\/v2\/product_tag?post=93791"}],"curies":[{"name":"wp","href":"https:\/\/api.w.org\/{rel}","templated":true}]}}