{"id":93792,"date":"2026-04-23T00:03:14","date_gmt":"2026-04-22T21:03:14","guid":{"rendered":"https:\/\/rezekne.citro.lv\/veikals\/konserveti-turku-zirni-kok-400g\/"},"modified":"2026-05-02T06:00:35","modified_gmt":"2026-05-02T03:00:35","slug":"konserveti-turku-zirni-kok-400g","status":"publish","type":"product","link":"https:\/\/rezekne.citro.lv\/ru\/product\/konserveti-turku-zirni-kok-400g\/","title":{"rendered":"KONSERV\u0112TI TURKU ZIR\u0145I KOK 400G"},"content":{"rendered":"<p>Izcelsmes valsts: It\u0101lija<\/p>\n","protected":false},"excerpt":{"rendered":"<p>2.73 \u20ac\/KG<\/p>\n","protected":false},"featured_media":92862,"template":"","meta":{"_acf_changed":false,"inline_featured_image":false},"product_cat":[103,137],"product_tag":[],"acf":[],"aioseo_notices":[],"_links":{"self":[{"href":"https:\/\/rezekne.citro.lv\/ru\/wp-json\/wp\/v2\/product\/93792"}],"collection":[{"href":"https:\/\/rezekne.citro.lv\/ru\/wp-json\/wp\/v2\/product"}],"about":[{"href":"https:\/\/rezekne.citro.lv\/ru\/wp-json\/wp\/v2\/types\/product"}],"wp:featuredmedia":[{"embeddable":true,"href":"https:\/\/rezekne.citro.lv\/ru\/wp-json\/wp\/v2\/media\/92862"}],"wp:attachment":[{"href":"https:\/\/rezekne.citro.lv\/ru\/wp-json\/wp\/v2\/media?parent=93792"}],"wp:term":[{"taxonomy":"product_cat","embeddable":true,"href":"https:\/\/rezekne.citro.lv\/ru\/wp-json\/wp\/v2\/product_cat?post=93792"},{"taxonomy":"product_tag","embeddable":true,"href":"https:\/\/rezekne.citro.lv\/ru\/wp-json\/wp\/v2\/product_tag?post=93792"}],"curies":[{"name":"wp","href":"https:\/\/api.w.org\/{rel}","templated":true}]}}