{"id":93793,"date":"2026-03-19T00:02:27","date_gmt":"2026-03-18T22:02:27","guid":{"rendered":"https:\/\/rezekne.citro.lv\/veikals\/gurki-marineti-saldskabi-680g\/"},"modified":"2026-05-02T06:01:15","modified_gmt":"2026-05-02T03:01:15","slug":"gurki-marineti-saldskabi-680g","status":"publish","type":"product","link":"https:\/\/rezekne.citro.lv\/ru\/product\/gurki-marineti-saldskabi-680g\/","title":{"rendered":"GUR\u0136I MARIN\u0112TI SALDSK\u0100BI 680G"},"content":{"rendered":"<p>Izcelsmes valsts: Lietuva<\/p>\n","protected":false},"excerpt":{"rendered":"<p>3.81 \u20ac\/KG<\/p>\n","protected":false},"featured_media":94309,"template":"","meta":{"_acf_changed":false,"inline_featured_image":false},"product_cat":[103,140],"product_tag":[],"acf":[],"aioseo_notices":[],"_links":{"self":[{"href":"https:\/\/rezekne.citro.lv\/ru\/wp-json\/wp\/v2\/product\/93793"}],"collection":[{"href":"https:\/\/rezekne.citro.lv\/ru\/wp-json\/wp\/v2\/product"}],"about":[{"href":"https:\/\/rezekne.citro.lv\/ru\/wp-json\/wp\/v2\/types\/product"}],"wp:featuredmedia":[{"embeddable":true,"href":"https:\/\/rezekne.citro.lv\/ru\/wp-json\/wp\/v2\/media\/94309"}],"wp:attachment":[{"href":"https:\/\/rezekne.citro.lv\/ru\/wp-json\/wp\/v2\/media?parent=93793"}],"wp:term":[{"taxonomy":"product_cat","embeddable":true,"href":"https:\/\/rezekne.citro.lv\/ru\/wp-json\/wp\/v2\/product_cat?post=93793"},{"taxonomy":"product_tag","embeddable":true,"href":"https:\/\/rezekne.citro.lv\/ru\/wp-json\/wp\/v2\/product_tag?post=93793"}],"curies":[{"name":"wp","href":"https:\/\/api.w.org\/{rel}","templated":true}]}}