{"id":93795,"date":"2026-03-19T00:02:27","date_gmt":"2026-03-18T22:02:27","guid":{"rendered":"https:\/\/rezekne.citro.lv\/veikals\/tomati-marineti-ar-sipoliem-510g-310g\/"},"modified":"2026-04-08T15:00:09","modified_gmt":"2026-04-08T12:00:09","slug":"tomati-marineti-ar-sipoliem-510g-310g","status":"publish","type":"product","link":"https:\/\/rezekne.citro.lv\/ru\/product\/tomati-marineti-ar-sipoliem-510g-310g\/","title":{"rendered":"TOM\u0100TI MARIN\u0112TI AR S\u012aPOLIEM 510G\/310G"},"content":{"rendered":"<p>Izcelsmes valsts: Polija<\/p>\n","protected":false},"excerpt":{"rendered":"<p>6.42 \u20ac\/KG<\/p>\n","protected":false},"featured_media":78361,"template":"","meta":{"_acf_changed":false,"inline_featured_image":false},"product_cat":[103,137],"product_tag":[],"acf":[],"aioseo_notices":[],"_links":{"self":[{"href":"https:\/\/rezekne.citro.lv\/ru\/wp-json\/wp\/v2\/product\/93795"}],"collection":[{"href":"https:\/\/rezekne.citro.lv\/ru\/wp-json\/wp\/v2\/product"}],"about":[{"href":"https:\/\/rezekne.citro.lv\/ru\/wp-json\/wp\/v2\/types\/product"}],"wp:featuredmedia":[{"embeddable":true,"href":"https:\/\/rezekne.citro.lv\/ru\/wp-json\/wp\/v2\/media\/78361"}],"wp:attachment":[{"href":"https:\/\/rezekne.citro.lv\/ru\/wp-json\/wp\/v2\/media?parent=93795"}],"wp:term":[{"taxonomy":"product_cat","embeddable":true,"href":"https:\/\/rezekne.citro.lv\/ru\/wp-json\/wp\/v2\/product_cat?post=93795"},{"taxonomy":"product_tag","embeddable":true,"href":"https:\/\/rezekne.citro.lv\/ru\/wp-json\/wp\/v2\/product_tag?post=93795"}],"curies":[{"name":"wp","href":"https:\/\/api.w.org\/{rel}","templated":true}]}}