{"id":94324,"date":"2026-03-25T00:02:06","date_gmt":"2026-03-24T22:02:06","guid":{"rendered":"https:\/\/rezekne.citro.lv\/veikals\/smiltis-cementejosas-kakiem-cat-bravo-ar-lavandas-aromatu-5l\/"},"modified":"2026-05-10T06:00:36","modified_gmt":"2026-05-10T03:00:36","slug":"smiltis-cementejosas-kakiem-cat-bravo-ar-lavandas-aromatu-5l","status":"publish","type":"product","link":"https:\/\/rezekne.citro.lv\/ru\/product\/smiltis-cementejosas-kakiem-cat-bravo-ar-lavandas-aromatu-5l\/","title":{"rendered":"SMILTIS CEMENT\u0112JO\u0160\u0100S KA\u0136IEM CAT BRAVO AR LAVANDAS AROM\u0100TU 5L"},"content":{"rendered":"<p>Izcelsmes valsts: Turcija<\/p>\n","protected":false},"excerpt":{"rendered":"<p>0.70 \u20ac\/L<\/p>\n","protected":false},"featured_media":0,"template":"","meta":{"_acf_changed":false,"inline_featured_image":false},"product_cat":[153,154],"product_tag":[],"acf":[],"aioseo_notices":[],"_links":{"self":[{"href":"https:\/\/rezekne.citro.lv\/ru\/wp-json\/wp\/v2\/product\/94324"}],"collection":[{"href":"https:\/\/rezekne.citro.lv\/ru\/wp-json\/wp\/v2\/product"}],"about":[{"href":"https:\/\/rezekne.citro.lv\/ru\/wp-json\/wp\/v2\/types\/product"}],"wp:attachment":[{"href":"https:\/\/rezekne.citro.lv\/ru\/wp-json\/wp\/v2\/media?parent=94324"}],"wp:term":[{"taxonomy":"product_cat","embeddable":true,"href":"https:\/\/rezekne.citro.lv\/ru\/wp-json\/wp\/v2\/product_cat?post=94324"},{"taxonomy":"product_tag","embeddable":true,"href":"https:\/\/rezekne.citro.lv\/ru\/wp-json\/wp\/v2\/product_tag?post=94324"}],"curies":[{"name":"wp","href":"https:\/\/api.w.org\/{rel}","templated":true}]}}