{"id":94326,"date":"2026-03-25T00:02:06","date_gmt":"2026-03-24T22:02:06","guid":{"rendered":"https:\/\/rezekne.citro.lv\/veikals\/smiltis-cementejosas-kakiem-cat-bravo-natural-5l\/"},"modified":"2026-05-08T06:00:41","modified_gmt":"2026-05-08T03:00:41","slug":"smiltis-cementejosas-kakiem-cat-bravo-natural-5l","status":"publish","type":"product","link":"https:\/\/rezekne.citro.lv\/ru\/product\/smiltis-cementejosas-kakiem-cat-bravo-natural-5l\/","title":{"rendered":"SMILTIS CEMENT\u0112JO\u0160\u0100S KA\u0136IEM CAT BRAVO NATURAL 5L"},"content":{"rendered":"<p>Izcelsmes valsts: Turcija<\/p>\n","protected":false},"excerpt":{"rendered":"<p>0.70 \u20ac\/L<\/p>\n","protected":false},"featured_media":94335,"template":"","meta":{"_acf_changed":false,"inline_featured_image":false},"product_cat":[153,154],"product_tag":[],"acf":[],"aioseo_notices":[],"_links":{"self":[{"href":"https:\/\/rezekne.citro.lv\/ru\/wp-json\/wp\/v2\/product\/94326"}],"collection":[{"href":"https:\/\/rezekne.citro.lv\/ru\/wp-json\/wp\/v2\/product"}],"about":[{"href":"https:\/\/rezekne.citro.lv\/ru\/wp-json\/wp\/v2\/types\/product"}],"wp:featuredmedia":[{"embeddable":true,"href":"https:\/\/rezekne.citro.lv\/ru\/wp-json\/wp\/v2\/media\/94335"}],"wp:attachment":[{"href":"https:\/\/rezekne.citro.lv\/ru\/wp-json\/wp\/v2\/media?parent=94326"}],"wp:term":[{"taxonomy":"product_cat","embeddable":true,"href":"https:\/\/rezekne.citro.lv\/ru\/wp-json\/wp\/v2\/product_cat?post=94326"},{"taxonomy":"product_tag","embeddable":true,"href":"https:\/\/rezekne.citro.lv\/ru\/wp-json\/wp\/v2\/product_tag?post=94326"}],"curies":[{"name":"wp","href":"https:\/\/api.w.org\/{rel}","templated":true}]}}