{"id":94358,"date":"2026-03-26T00:15:02","date_gmt":"2026-03-25T22:15:02","guid":{"rendered":"https:\/\/rezekne.citro.lv\/veikals\/grauzdini-rudzu-ar-tela-galas-adzikas-garsu-flint-70g\/"},"modified":"2026-04-06T06:01:09","modified_gmt":"2026-04-06T03:01:09","slug":"grauzdini-rudzu-ar-tela-galas-adzikas-garsu-flint-70g","status":"publish","type":"product","link":"https:\/\/rezekne.citro.lv\/ru\/product\/grauzdini-rudzu-ar-tela-galas-adzikas-garsu-flint-70g\/","title":{"rendered":"GRAUZDI\u0145I RUDZU AR TE\u013bA GA\u013bAS AD\u017dIKAS GAR\u0160U FLINT 70G"},"content":{"rendered":"<p>Izcelsmes valsts: Ukraina<\/p>\n","protected":false},"excerpt":{"rendered":"<p>7.86 \u20ac\/KG<\/p>\n","protected":false},"featured_media":94093,"template":"","meta":{"_acf_changed":false,"inline_featured_image":false},"product_cat":[215,563],"product_tag":[],"acf":[],"aioseo_notices":[],"_links":{"self":[{"href":"https:\/\/rezekne.citro.lv\/ru\/wp-json\/wp\/v2\/product\/94358"}],"collection":[{"href":"https:\/\/rezekne.citro.lv\/ru\/wp-json\/wp\/v2\/product"}],"about":[{"href":"https:\/\/rezekne.citro.lv\/ru\/wp-json\/wp\/v2\/types\/product"}],"wp:featuredmedia":[{"embeddable":true,"href":"https:\/\/rezekne.citro.lv\/ru\/wp-json\/wp\/v2\/media\/94093"}],"wp:attachment":[{"href":"https:\/\/rezekne.citro.lv\/ru\/wp-json\/wp\/v2\/media?parent=94358"}],"wp:term":[{"taxonomy":"product_cat","embeddable":true,"href":"https:\/\/rezekne.citro.lv\/ru\/wp-json\/wp\/v2\/product_cat?post=94358"},{"taxonomy":"product_tag","embeddable":true,"href":"https:\/\/rezekne.citro.lv\/ru\/wp-json\/wp\/v2\/product_tag?post=94358"}],"curies":[{"name":"wp","href":"https:\/\/api.w.org\/{rel}","templated":true}]}}