{"id":94361,"date":"2026-04-23T00:15:10","date_gmt":"2026-04-22T21:15:10","guid":{"rendered":"https:\/\/rezekne.citro.lv\/veikals\/biezpiena-sierins-alma-vanilas-5x40g-valio\/"},"modified":"2026-04-23T00:15:15","modified_gmt":"2026-04-22T21:15:15","slug":"biezpiena-sierins-alma-vanilas-5x40g-valio","status":"publish","type":"product","link":"https:\/\/rezekne.citro.lv\/ru\/product\/biezpiena-sierins-alma-vanilas-5x40g-valio\/","title":{"rendered":"BIEZPIENA SIERI\u0145\u0160 ALMA VANI\u013bAS 5X40G VALIO"},"content":{"rendered":"<p>Izcelsmes valsts: Igaunija<\/p>\n","protected":false},"excerpt":{"rendered":"<p>7.45 \u20ac\/KG<\/p>\n","protected":false},"featured_media":0,"template":"","meta":{"_acf_changed":false,"inline_featured_image":false},"product_cat":[95,188],"product_tag":[],"acf":[],"aioseo_notices":[],"_links":{"self":[{"href":"https:\/\/rezekne.citro.lv\/ru\/wp-json\/wp\/v2\/product\/94361"}],"collection":[{"href":"https:\/\/rezekne.citro.lv\/ru\/wp-json\/wp\/v2\/product"}],"about":[{"href":"https:\/\/rezekne.citro.lv\/ru\/wp-json\/wp\/v2\/types\/product"}],"wp:attachment":[{"href":"https:\/\/rezekne.citro.lv\/ru\/wp-json\/wp\/v2\/media?parent=94361"}],"wp:term":[{"taxonomy":"product_cat","embeddable":true,"href":"https:\/\/rezekne.citro.lv\/ru\/wp-json\/wp\/v2\/product_cat?post=94361"},{"taxonomy":"product_tag","embeddable":true,"href":"https:\/\/rezekne.citro.lv\/ru\/wp-json\/wp\/v2\/product_tag?post=94361"}],"curies":[{"name":"wp","href":"https:\/\/api.w.org\/{rel}","templated":true}]}}