{"id":94362,"date":"2026-05-07T00:02:52","date_gmt":"2026-05-06T21:02:52","guid":{"rendered":"https:\/\/rezekne.citro.lv\/veikals\/ribinas-sarkanaja-marinade-leni-gatavotas-500g\/"},"modified":"2026-05-10T18:00:05","modified_gmt":"2026-05-10T15:00:05","slug":"ribinas-sarkanaja-marinade-leni-gatavotas-500g","status":"publish","type":"product","link":"https:\/\/rezekne.citro.lv\/ru\/product\/ribinas-sarkanaja-marinade-leni-gatavotas-500g\/","title":{"rendered":"RIBI\u0145AS SARKANAJ\u0100 MARIN\u0100D\u0112  L\u0112NI GATAVOTAS 500G"},"content":{"rendered":"<p>Izcelsmes valsts: Latvija<\/p>\n","protected":false},"excerpt":{"rendered":"<p>8.38 \u20ac\/KG<\/p>\n","protected":false},"featured_media":0,"template":"","meta":{"_acf_changed":false,"inline_featured_image":false},"product_cat":[135,174],"product_tag":[],"acf":[],"aioseo_notices":[],"_links":{"self":[{"href":"https:\/\/rezekne.citro.lv\/ru\/wp-json\/wp\/v2\/product\/94362"}],"collection":[{"href":"https:\/\/rezekne.citro.lv\/ru\/wp-json\/wp\/v2\/product"}],"about":[{"href":"https:\/\/rezekne.citro.lv\/ru\/wp-json\/wp\/v2\/types\/product"}],"wp:attachment":[{"href":"https:\/\/rezekne.citro.lv\/ru\/wp-json\/wp\/v2\/media?parent=94362"}],"wp:term":[{"taxonomy":"product_cat","embeddable":true,"href":"https:\/\/rezekne.citro.lv\/ru\/wp-json\/wp\/v2\/product_cat?post=94362"},{"taxonomy":"product_tag","embeddable":true,"href":"https:\/\/rezekne.citro.lv\/ru\/wp-json\/wp\/v2\/product_tag?post=94362"}],"curies":[{"name":"wp","href":"https:\/\/api.w.org\/{rel}","templated":true}]}}