{"id":94365,"date":"2026-04-09T00:03:39","date_gmt":"2026-04-08T21:03:39","guid":{"rendered":"https:\/\/rezekne.citro.lv\/veikals\/majoneze-dimdini-klasiska-250g\/"},"modified":"2026-04-09T06:01:41","modified_gmt":"2026-04-09T03:01:41","slug":"majoneze-dimdini-klasiska-250g","status":"publish","type":"product","link":"https:\/\/rezekne.citro.lv\/ru\/product\/majoneze-dimdini-klasiska-250g\/","title":{"rendered":"MAJON\u0112ZE DIMDI\u0145I KLASISK\u0100 250G"},"content":{"rendered":"<p>Izcelsmes valsts: Igaunija<\/p>\n","protected":false},"excerpt":{"rendered":"<p>6.36 \u20ac\/KG<\/p>\n","protected":false},"featured_media":0,"template":"","meta":{"_acf_changed":false,"inline_featured_image":false},"product_cat":[95,147],"product_tag":[],"acf":[],"aioseo_notices":[],"_links":{"self":[{"href":"https:\/\/rezekne.citro.lv\/ru\/wp-json\/wp\/v2\/product\/94365"}],"collection":[{"href":"https:\/\/rezekne.citro.lv\/ru\/wp-json\/wp\/v2\/product"}],"about":[{"href":"https:\/\/rezekne.citro.lv\/ru\/wp-json\/wp\/v2\/types\/product"}],"wp:attachment":[{"href":"https:\/\/rezekne.citro.lv\/ru\/wp-json\/wp\/v2\/media?parent=94365"}],"wp:term":[{"taxonomy":"product_cat","embeddable":true,"href":"https:\/\/rezekne.citro.lv\/ru\/wp-json\/wp\/v2\/product_cat?post=94365"},{"taxonomy":"product_tag","embeddable":true,"href":"https:\/\/rezekne.citro.lv\/ru\/wp-json\/wp\/v2\/product_tag?post=94365"}],"curies":[{"name":"wp","href":"https:\/\/api.w.org\/{rel}","templated":true}]}}