{"id":94372,"date":"2026-04-09T00:03:53","date_gmt":"2026-04-08T21:03:53","guid":{"rendered":"https:\/\/rezekne.citro.lv\/veikals\/jogurts-muller-mix-kazenu-avenu-3-6-130g\/"},"modified":"2026-04-11T18:00:09","modified_gmt":"2026-04-11T15:00:09","slug":"jogurts-muller-mix-kazenu-avenu-3-6-130g","status":"publish","type":"product","link":"https:\/\/rezekne.citro.lv\/ru\/product\/jogurts-muller-mix-kazenu-avenu-3-6-130g\/","title":{"rendered":"JOGURTS M\u00dcLLER MIX KAZE\u0145U AVE\u0145U 3.6% 130G"},"content":{"rendered":"<p>Izcelsmes valsts: V\u0101cija<\/p>\n","protected":false},"excerpt":{"rendered":"<p>6.54 \u20ac\/KG<\/p>\n","protected":false},"featured_media":93818,"template":"","meta":{"_acf_changed":false,"inline_featured_image":false},"product_cat":[95,100],"product_tag":[],"acf":[],"aioseo_notices":[],"_links":{"self":[{"href":"https:\/\/rezekne.citro.lv\/ru\/wp-json\/wp\/v2\/product\/94372"}],"collection":[{"href":"https:\/\/rezekne.citro.lv\/ru\/wp-json\/wp\/v2\/product"}],"about":[{"href":"https:\/\/rezekne.citro.lv\/ru\/wp-json\/wp\/v2\/types\/product"}],"wp:featuredmedia":[{"embeddable":true,"href":"https:\/\/rezekne.citro.lv\/ru\/wp-json\/wp\/v2\/media\/93818"}],"wp:attachment":[{"href":"https:\/\/rezekne.citro.lv\/ru\/wp-json\/wp\/v2\/media?parent=94372"}],"wp:term":[{"taxonomy":"product_cat","embeddable":true,"href":"https:\/\/rezekne.citro.lv\/ru\/wp-json\/wp\/v2\/product_cat?post=94372"},{"taxonomy":"product_tag","embeddable":true,"href":"https:\/\/rezekne.citro.lv\/ru\/wp-json\/wp\/v2\/product_tag?post=94372"}],"curies":[{"name":"wp","href":"https:\/\/api.w.org\/{rel}","templated":true}]}}