{"id":94376,"date":"2026-03-26T00:16:18","date_gmt":"2026-03-25T22:16:18","guid":{"rendered":"https:\/\/rezekne.citro.lv\/veikals\/energijas-dzeriens-battery-juiced-bright-0-33l-skard\/"},"modified":"2026-03-31T06:01:44","modified_gmt":"2026-03-31T03:01:44","slug":"energijas-dzeriens-battery-juiced-bright-0-33l-skard","status":"publish","type":"product","link":"https:\/\/rezekne.citro.lv\/ru\/product\/energijas-dzeriens-battery-juiced-bright-0-33l-skard\/","title":{"rendered":"ENER\u0122IJAS DZ\u0112RIENS BATTERY JUICED BRIGHT 0.33L SK\u0100RD"},"content":{"rendered":"<p>Izcelsmes valsts: Valsts \u2013 nav zi\u0146u<\/p>\n","protected":false},"excerpt":{"rendered":"<p>2.70 \u20ac\/L<\/p>\n","protected":false},"featured_media":93879,"template":"","meta":{"_acf_changed":false,"inline_featured_image":false},"product_cat":[106,217],"product_tag":[],"acf":[],"aioseo_notices":[],"_links":{"self":[{"href":"https:\/\/rezekne.citro.lv\/ru\/wp-json\/wp\/v2\/product\/94376"}],"collection":[{"href":"https:\/\/rezekne.citro.lv\/ru\/wp-json\/wp\/v2\/product"}],"about":[{"href":"https:\/\/rezekne.citro.lv\/ru\/wp-json\/wp\/v2\/types\/product"}],"wp:featuredmedia":[{"embeddable":true,"href":"https:\/\/rezekne.citro.lv\/ru\/wp-json\/wp\/v2\/media\/93879"}],"wp:attachment":[{"href":"https:\/\/rezekne.citro.lv\/ru\/wp-json\/wp\/v2\/media?parent=94376"}],"wp:term":[{"taxonomy":"product_cat","embeddable":true,"href":"https:\/\/rezekne.citro.lv\/ru\/wp-json\/wp\/v2\/product_cat?post=94376"},{"taxonomy":"product_tag","embeddable":true,"href":"https:\/\/rezekne.citro.lv\/ru\/wp-json\/wp\/v2\/product_tag?post=94376"}],"curies":[{"name":"wp","href":"https:\/\/api.w.org\/{rel}","templated":true}]}}