{"id":94378,"date":"2026-04-09T00:04:06","date_gmt":"2026-04-08T21:04:06","guid":{"rendered":"https:\/\/rezekne.citro.lv\/veikals\/kuka-siera-kuka-ar-sokolades-brauniju-un-avenu-ievarijumu-500g\/"},"modified":"2026-04-13T18:00:11","modified_gmt":"2026-04-13T15:00:11","slug":"kuka-siera-kuka-ar-sokolades-brauniju-un-avenu-ievarijumu-500g","status":"publish","type":"product","link":"https:\/\/rezekne.citro.lv\/ru\/product\/kuka-siera-kuka-ar-sokolades-brauniju-un-avenu-ievarijumu-500g\/","title":{"rendered":"K\u016aKA SIERA K\u016aKA AR \u0160OKOL\u0100DES BRAUNIJU UN AVE\u0145U IEV\u0100R\u012aJUMU 500G"},"content":{"rendered":"<p>Izcelsmes valsts: Latvija<\/p>\n","protected":false},"excerpt":{"rendered":"<p>9.18 \u20ac\/KG<\/p>\n","protected":false},"featured_media":0,"template":"","meta":{"_acf_changed":false,"inline_featured_image":false},"product_cat":[109,220],"product_tag":[],"acf":[],"aioseo_notices":[],"_links":{"self":[{"href":"https:\/\/rezekne.citro.lv\/ru\/wp-json\/wp\/v2\/product\/94378"}],"collection":[{"href":"https:\/\/rezekne.citro.lv\/ru\/wp-json\/wp\/v2\/product"}],"about":[{"href":"https:\/\/rezekne.citro.lv\/ru\/wp-json\/wp\/v2\/types\/product"}],"wp:attachment":[{"href":"https:\/\/rezekne.citro.lv\/ru\/wp-json\/wp\/v2\/media?parent=94378"}],"wp:term":[{"taxonomy":"product_cat","embeddable":true,"href":"https:\/\/rezekne.citro.lv\/ru\/wp-json\/wp\/v2\/product_cat?post=94378"},{"taxonomy":"product_tag","embeddable":true,"href":"https:\/\/rezekne.citro.lv\/ru\/wp-json\/wp\/v2\/product_tag?post=94378"}],"curies":[{"name":"wp","href":"https:\/\/api.w.org\/{rel}","templated":true}]}}