{"id":94381,"date":"2026-04-09T00:04:27","date_gmt":"2026-04-08T21:04:27","guid":{"rendered":"https:\/\/rezekne.citro.lv\/veikals\/pudins-muller-sokolades-vanilas-2-4-450g\/"},"modified":"2026-04-16T06:02:31","modified_gmt":"2026-04-16T03:02:31","slug":"pudins-muller-sokolades-vanilas-2-4-450g","status":"publish","type":"product","link":"https:\/\/rezekne.citro.lv\/ru\/product\/pudins-muller-sokolades-vanilas-2-4-450g\/","title":{"rendered":"PUDI\u0145\u0160 MULLER \u0160OKOL\u0100DES VANI\u013bAS 2.4% 450G"},"content":{"rendered":"<p>Izcelsmes valsts: V\u0101cija<\/p>\n","protected":false},"excerpt":{"rendered":"<p>4.11 \u20ac\/KG<\/p>\n","protected":false},"featured_media":0,"template":"","meta":{"_acf_changed":false,"inline_featured_image":false},"product_cat":[95,188],"product_tag":[],"acf":[],"aioseo_notices":[],"_links":{"self":[{"href":"https:\/\/rezekne.citro.lv\/ru\/wp-json\/wp\/v2\/product\/94381"}],"collection":[{"href":"https:\/\/rezekne.citro.lv\/ru\/wp-json\/wp\/v2\/product"}],"about":[{"href":"https:\/\/rezekne.citro.lv\/ru\/wp-json\/wp\/v2\/types\/product"}],"wp:attachment":[{"href":"https:\/\/rezekne.citro.lv\/ru\/wp-json\/wp\/v2\/media?parent=94381"}],"wp:term":[{"taxonomy":"product_cat","embeddable":true,"href":"https:\/\/rezekne.citro.lv\/ru\/wp-json\/wp\/v2\/product_cat?post=94381"},{"taxonomy":"product_tag","embeddable":true,"href":"https:\/\/rezekne.citro.lv\/ru\/wp-json\/wp\/v2\/product_tag?post=94381"}],"curies":[{"name":"wp","href":"https:\/\/api.w.org\/{rel}","templated":true}]}}