{"id":94382,"date":"2026-03-26T00:17:44","date_gmt":"2026-03-25T22:17:44","guid":{"rendered":"https:\/\/rezekne.citro.lv\/veikals\/sasliks-cala-kimchi-marinade-kekava-800g\/"},"modified":"2026-04-02T06:02:12","modified_gmt":"2026-04-02T03:02:12","slug":"sasliks-cala-kimchi-marinade-kekava-800g","status":"publish","type":"product","link":"https:\/\/rezekne.citro.lv\/ru\/product\/sasliks-cala-kimchi-marinade-kekava-800g\/","title":{"rendered":"\u0160A\u0160LIKS C\u0100\u013bA KIMCHI MARIN\u0100D\u0112 \u0136EKAVA 800G"},"content":{"rendered":"<p>Izcelsmes valsts: Latvija<\/p>\n","protected":false},"excerpt":{"rendered":"<p>7.36 \u20ac\/KG<\/p>\n","protected":false},"featured_media":86003,"template":"","meta":{"_acf_changed":false,"inline_featured_image":false},"product_cat":[135,182],"product_tag":[],"acf":[],"aioseo_notices":[],"_links":{"self":[{"href":"https:\/\/rezekne.citro.lv\/ru\/wp-json\/wp\/v2\/product\/94382"}],"collection":[{"href":"https:\/\/rezekne.citro.lv\/ru\/wp-json\/wp\/v2\/product"}],"about":[{"href":"https:\/\/rezekne.citro.lv\/ru\/wp-json\/wp\/v2\/types\/product"}],"wp:featuredmedia":[{"embeddable":true,"href":"https:\/\/rezekne.citro.lv\/ru\/wp-json\/wp\/v2\/media\/86003"}],"wp:attachment":[{"href":"https:\/\/rezekne.citro.lv\/ru\/wp-json\/wp\/v2\/media?parent=94382"}],"wp:term":[{"taxonomy":"product_cat","embeddable":true,"href":"https:\/\/rezekne.citro.lv\/ru\/wp-json\/wp\/v2\/product_cat?post=94382"},{"taxonomy":"product_tag","embeddable":true,"href":"https:\/\/rezekne.citro.lv\/ru\/wp-json\/wp\/v2\/product_tag?post=94382"}],"curies":[{"name":"wp","href":"https:\/\/api.w.org\/{rel}","templated":true}]}}