{"id":94425,"date":"2026-04-16T00:02:08","date_gmt":"2026-04-15T21:02:08","guid":{"rendered":"https:\/\/rezekne.citro.lv\/veikals\/nudeles-atri-pag-cup-hot-chicken-ramen-cheese-flav-ar-siera-garsu-70g\/"},"modified":"2026-04-17T12:02:49","modified_gmt":"2026-04-17T09:02:49","slug":"nudeles-atri-pag-cup-hot-chicken-ramen-cheese-flav-ar-siera-garsu-70g","status":"publish","type":"product","link":"https:\/\/rezekne.citro.lv\/ru\/product\/nudeles-atri-pag-cup-hot-chicken-ramen-cheese-flav-ar-siera-garsu-70g\/","title":{"rendered":"N\u016aDELES \u0100TRI PAG. CUP HOT CHICKEN RAMEN CHEESE FLAV AR SIERA GAR\u0160U 70G"},"content":{"rendered":"<p>Izcelsmes valsts: Korejas Republika (Dienvidkoreja)[b]<\/p>\n","protected":false},"excerpt":{"rendered":"<p>27.00 \u20ac\/KG<\/p>\n","protected":false},"featured_media":0,"template":"","meta":{"_acf_changed":false,"inline_featured_image":false},"product_cat":[111,138],"product_tag":[],"acf":[],"aioseo_notices":[],"_links":{"self":[{"href":"https:\/\/rezekne.citro.lv\/ru\/wp-json\/wp\/v2\/product\/94425"}],"collection":[{"href":"https:\/\/rezekne.citro.lv\/ru\/wp-json\/wp\/v2\/product"}],"about":[{"href":"https:\/\/rezekne.citro.lv\/ru\/wp-json\/wp\/v2\/types\/product"}],"wp:attachment":[{"href":"https:\/\/rezekne.citro.lv\/ru\/wp-json\/wp\/v2\/media?parent=94425"}],"wp:term":[{"taxonomy":"product_cat","embeddable":true,"href":"https:\/\/rezekne.citro.lv\/ru\/wp-json\/wp\/v2\/product_cat?post=94425"},{"taxonomy":"product_tag","embeddable":true,"href":"https:\/\/rezekne.citro.lv\/ru\/wp-json\/wp\/v2\/product_tag?post=94425"}],"curies":[{"name":"wp","href":"https:\/\/api.w.org\/{rel}","templated":true}]}}