{"id":94428,"date":"2026-03-27T00:02:05","date_gmt":"2026-03-26T22:02:05","guid":{"rendered":"https:\/\/rezekne.citro.lv\/veikals\/nudeles-atri-pag-glads-ar-liellopu-galas-garsu-un-tomatu-merci-ar-baziliku-85g\/"},"modified":"2026-04-20T06:02:21","modified_gmt":"2026-04-20T03:02:21","slug":"nudeles-atri-pag-glads-ar-liellopu-galas-garsu-un-tomatu-merci-ar-baziliku-85g","status":"publish","type":"product","link":"https:\/\/rezekne.citro.lv\/ru\/product\/nudeles-atri-pag-glads-ar-liellopu-galas-garsu-un-tomatu-merci-ar-baziliku-85g\/","title":{"rendered":"N\u016aDELES \u0100TRI PAG. GLADS AR LIELLOPU GA\u013bAS GAR\u0160U UN TOM\u0100TU M\u0112RCI AR BAZILIKU 85G"},"content":{"rendered":"<p>Izcelsmes valsts: Ukraina<\/p>\n","protected":false},"excerpt":{"rendered":"<p>18.71 \u20ac\/KG<\/p>\n","protected":false},"featured_media":94397,"template":"","meta":{"_acf_changed":false,"inline_featured_image":false},"product_cat":[111,138],"product_tag":[],"acf":[],"aioseo_notices":[],"_links":{"self":[{"href":"https:\/\/rezekne.citro.lv\/ru\/wp-json\/wp\/v2\/product\/94428"}],"collection":[{"href":"https:\/\/rezekne.citro.lv\/ru\/wp-json\/wp\/v2\/product"}],"about":[{"href":"https:\/\/rezekne.citro.lv\/ru\/wp-json\/wp\/v2\/types\/product"}],"wp:featuredmedia":[{"embeddable":true,"href":"https:\/\/rezekne.citro.lv\/ru\/wp-json\/wp\/v2\/media\/94397"}],"wp:attachment":[{"href":"https:\/\/rezekne.citro.lv\/ru\/wp-json\/wp\/v2\/media?parent=94428"}],"wp:term":[{"taxonomy":"product_cat","embeddable":true,"href":"https:\/\/rezekne.citro.lv\/ru\/wp-json\/wp\/v2\/product_cat?post=94428"},{"taxonomy":"product_tag","embeddable":true,"href":"https:\/\/rezekne.citro.lv\/ru\/wp-json\/wp\/v2\/product_tag?post=94428"}],"curies":[{"name":"wp","href":"https:\/\/api.w.org\/{rel}","templated":true}]}}