{"id":94430,"date":"2026-03-27T00:02:05","date_gmt":"2026-03-26T22:02:05","guid":{"rendered":"https:\/\/rezekne.citro.lv\/veikals\/kart-biezenis-biezenis-reeva-atri-pag-ar-ceptiem-sipoliem-trauka-40g\/"},"modified":"2026-04-14T15:00:17","modified_gmt":"2026-04-14T12:00:17","slug":"kart-biezenis-biezenis-reeva-atri-pag-ar-ceptiem-sipoliem-trauka-40g","status":"publish","type":"product","link":"https:\/\/rezekne.citro.lv\/ru\/product\/kart-biezenis-biezenis-reeva-atri-pag-ar-ceptiem-sipoliem-trauka-40g\/","title":{"rendered":"KART.BIEZENIS BIEZENIS REEVA \u0100TRI PAG. AR CEPTIEM S\u012aPOLIEM TRAUK\u0100 40G"},"content":{"rendered":"<p>Izcelsmes valsts: Ukraina<\/p>\n","protected":false},"excerpt":{"rendered":"<p>24.75 \u20ac\/KG<\/p>\n","protected":false},"featured_media":80711,"template":"","meta":{"_acf_changed":false,"inline_featured_image":false},"product_cat":[111,211],"product_tag":[],"acf":[],"aioseo_notices":[],"_links":{"self":[{"href":"https:\/\/rezekne.citro.lv\/ru\/wp-json\/wp\/v2\/product\/94430"}],"collection":[{"href":"https:\/\/rezekne.citro.lv\/ru\/wp-json\/wp\/v2\/product"}],"about":[{"href":"https:\/\/rezekne.citro.lv\/ru\/wp-json\/wp\/v2\/types\/product"}],"wp:featuredmedia":[{"embeddable":true,"href":"https:\/\/rezekne.citro.lv\/ru\/wp-json\/wp\/v2\/media\/80711"}],"wp:attachment":[{"href":"https:\/\/rezekne.citro.lv\/ru\/wp-json\/wp\/v2\/media?parent=94430"}],"wp:term":[{"taxonomy":"product_cat","embeddable":true,"href":"https:\/\/rezekne.citro.lv\/ru\/wp-json\/wp\/v2\/product_cat?post=94430"},{"taxonomy":"product_tag","embeddable":true,"href":"https:\/\/rezekne.citro.lv\/ru\/wp-json\/wp\/v2\/product_tag?post=94430"}],"curies":[{"name":"wp","href":"https:\/\/api.w.org\/{rel}","templated":true}]}}