{"id":94431,"date":"2026-03-27T00:02:05","date_gmt":"2026-03-26T22:02:05","guid":{"rendered":"https:\/\/rezekne.citro.lv\/veikals\/nudeles-atri-pag-tangle-bulgog-alfredo-ar-pastas-garsu-105g\/"},"modified":"2026-04-07T12:00:14","modified_gmt":"2026-04-07T09:00:14","slug":"nudeles-atri-pag-tangle-bulgog-alfredo-ar-pastas-garsu-105g","status":"publish","type":"product","link":"https:\/\/rezekne.citro.lv\/ru\/product\/nudeles-atri-pag-tangle-bulgog-alfredo-ar-pastas-garsu-105g\/","title":{"rendered":"N\u016aDELES \u0100TRI PAG. TANGLE BULGOG ALFREDO  AR PASTAS GAR\u0160U 105G"},"content":{"rendered":"<p>Izcelsmes valsts: Korejas Republika (Dienvidkoreja)[b]<\/p>\n","protected":false},"excerpt":{"rendered":"<p>22.76 \u20ac\/KG<\/p>\n","protected":false},"featured_media":0,"template":"","meta":{"_acf_changed":false,"inline_featured_image":false},"product_cat":[111,138],"product_tag":[],"acf":[],"aioseo_notices":[],"_links":{"self":[{"href":"https:\/\/rezekne.citro.lv\/ru\/wp-json\/wp\/v2\/product\/94431"}],"collection":[{"href":"https:\/\/rezekne.citro.lv\/ru\/wp-json\/wp\/v2\/product"}],"about":[{"href":"https:\/\/rezekne.citro.lv\/ru\/wp-json\/wp\/v2\/types\/product"}],"wp:attachment":[{"href":"https:\/\/rezekne.citro.lv\/ru\/wp-json\/wp\/v2\/media?parent=94431"}],"wp:term":[{"taxonomy":"product_cat","embeddable":true,"href":"https:\/\/rezekne.citro.lv\/ru\/wp-json\/wp\/v2\/product_cat?post=94431"},{"taxonomy":"product_tag","embeddable":true,"href":"https:\/\/rezekne.citro.lv\/ru\/wp-json\/wp\/v2\/product_tag?post=94431"}],"curies":[{"name":"wp","href":"https:\/\/api.w.org\/{rel}","templated":true}]}}