{"id":94432,"date":"2026-03-27T00:02:16","date_gmt":"2026-03-26T22:02:16","guid":{"rendered":"https:\/\/rezekne.citro.lv\/veikals\/nudeles-atri-pag-ramen-ar-merci-ar-kimci-garsu-un-darzenu-piedevu-105g\/"},"modified":"2026-04-20T06:02:42","modified_gmt":"2026-04-20T03:02:42","slug":"nudeles-atri-pag-ramen-ar-merci-ar-kimci-garsu-un-darzenu-piedevu-105g","status":"publish","type":"product","link":"https:\/\/rezekne.citro.lv\/ru\/product\/nudeles-atri-pag-ramen-ar-merci-ar-kimci-garsu-un-darzenu-piedevu-105g\/","title":{"rendered":"N\u016aDELES \u0100TRI PAG. RAMEN AR M\u0112RCI AR KIM\u010cI GAR\u0160U UN D\u0100RZE\u0145U PIEDEVU 105G"},"content":{"rendered":"<p>Izcelsmes valsts: Ukraina<\/p>\n","protected":false},"excerpt":{"rendered":"<p>18.95 \u20ac\/KG<\/p>\n","protected":false},"featured_media":94400,"template":"","meta":{"_acf_changed":false,"inline_featured_image":false},"product_cat":[111,138],"product_tag":[],"acf":[],"aioseo_notices":[],"_links":{"self":[{"href":"https:\/\/rezekne.citro.lv\/ru\/wp-json\/wp\/v2\/product\/94432"}],"collection":[{"href":"https:\/\/rezekne.citro.lv\/ru\/wp-json\/wp\/v2\/product"}],"about":[{"href":"https:\/\/rezekne.citro.lv\/ru\/wp-json\/wp\/v2\/types\/product"}],"wp:featuredmedia":[{"embeddable":true,"href":"https:\/\/rezekne.citro.lv\/ru\/wp-json\/wp\/v2\/media\/94400"}],"wp:attachment":[{"href":"https:\/\/rezekne.citro.lv\/ru\/wp-json\/wp\/v2\/media?parent=94432"}],"wp:term":[{"taxonomy":"product_cat","embeddable":true,"href":"https:\/\/rezekne.citro.lv\/ru\/wp-json\/wp\/v2\/product_cat?post=94432"},{"taxonomy":"product_tag","embeddable":true,"href":"https:\/\/rezekne.citro.lv\/ru\/wp-json\/wp\/v2\/product_tag?post=94432"}],"curies":[{"name":"wp","href":"https:\/\/api.w.org\/{rel}","templated":true}]}}