{"id":94433,"date":"2026-03-27T00:02:16","date_gmt":"2026-03-26T22:02:16","guid":{"rendered":"https:\/\/rezekne.citro.lv\/veikals\/nudeles-atri-pag-pagatavojamas-ramen-ar-merci-ar-vistas-galas-garsu-105g\/"},"modified":"2026-05-14T06:02:54","modified_gmt":"2026-05-14T03:02:54","slug":"nudeles-atri-pag-pagatavojamas-ramen-ar-merci-ar-vistas-galas-garsu-105g","status":"publish","type":"product","link":"https:\/\/rezekne.citro.lv\/ru\/product\/nudeles-atri-pag-pagatavojamas-ramen-ar-merci-ar-vistas-galas-garsu-105g\/","title":{"rendered":"N\u016aDELES \u0100TRI PAG. PAGATAVOJAMAS RAMEN AR M\u0112RCI AR VISTAS GA\u013bAS GAR\u0160U 105G"},"content":{"rendered":"<p>Izcelsmes valsts: Ukraina<\/p>\n","protected":false},"excerpt":{"rendered":"<p>18.95 \u20ac\/KG<\/p>\n","protected":false},"featured_media":94401,"template":"","meta":{"_acf_changed":false,"inline_featured_image":false},"product_cat":[111,138],"product_tag":[],"acf":[],"aioseo_notices":[],"_links":{"self":[{"href":"https:\/\/rezekne.citro.lv\/ru\/wp-json\/wp\/v2\/product\/94433"}],"collection":[{"href":"https:\/\/rezekne.citro.lv\/ru\/wp-json\/wp\/v2\/product"}],"about":[{"href":"https:\/\/rezekne.citro.lv\/ru\/wp-json\/wp\/v2\/types\/product"}],"wp:featuredmedia":[{"embeddable":true,"href":"https:\/\/rezekne.citro.lv\/ru\/wp-json\/wp\/v2\/media\/94401"}],"wp:attachment":[{"href":"https:\/\/rezekne.citro.lv\/ru\/wp-json\/wp\/v2\/media?parent=94433"}],"wp:term":[{"taxonomy":"product_cat","embeddable":true,"href":"https:\/\/rezekne.citro.lv\/ru\/wp-json\/wp\/v2\/product_cat?post=94433"},{"taxonomy":"product_tag","embeddable":true,"href":"https:\/\/rezekne.citro.lv\/ru\/wp-json\/wp\/v2\/product_tag?post=94433"}],"curies":[{"name":"wp","href":"https:\/\/api.w.org\/{rel}","templated":true}]}}