{"id":94434,"date":"2026-04-23T00:18:59","date_gmt":"2026-04-22T21:18:59","guid":{"rendered":"https:\/\/rezekne.citro.lv\/veikals\/nudeles-atri-pag-s-glads-ar-vistas-galas-garsu-un-merci-ar-salsas-garsu-85g\/"},"modified":"2026-04-25T06:02:49","modified_gmt":"2026-04-25T03:02:49","slug":"nudeles-atri-pag-s-glads-ar-vistas-galas-garsu-un-merci-ar-salsas-garsu-85g","status":"publish","type":"product","link":"https:\/\/rezekne.citro.lv\/ru\/product\/nudeles-atri-pag-s-glads-ar-vistas-galas-garsu-un-merci-ar-salsas-garsu-85g\/","title":{"rendered":"N\u016aDELES \u0100TRI PAG.S GLADS AR VISTAS GA\u013bAS GAR\u0160U UN M\u0112RCI AR SALSAS GAR\u0160U 85G"},"content":{"rendered":"<p>Izcelsmes valsts: Ukraina<\/p>\n","protected":false},"excerpt":{"rendered":"<p>16.35 \u20ac\/KG<\/p>\n","protected":false},"featured_media":94399,"template":"","meta":{"_acf_changed":false,"inline_featured_image":false},"product_cat":[111,138],"product_tag":[],"acf":[],"aioseo_notices":[],"_links":{"self":[{"href":"https:\/\/rezekne.citro.lv\/ru\/wp-json\/wp\/v2\/product\/94434"}],"collection":[{"href":"https:\/\/rezekne.citro.lv\/ru\/wp-json\/wp\/v2\/product"}],"about":[{"href":"https:\/\/rezekne.citro.lv\/ru\/wp-json\/wp\/v2\/types\/product"}],"wp:featuredmedia":[{"embeddable":true,"href":"https:\/\/rezekne.citro.lv\/ru\/wp-json\/wp\/v2\/media\/94399"}],"wp:attachment":[{"href":"https:\/\/rezekne.citro.lv\/ru\/wp-json\/wp\/v2\/media?parent=94434"}],"wp:term":[{"taxonomy":"product_cat","embeddable":true,"href":"https:\/\/rezekne.citro.lv\/ru\/wp-json\/wp\/v2\/product_cat?post=94434"},{"taxonomy":"product_tag","embeddable":true,"href":"https:\/\/rezekne.citro.lv\/ru\/wp-json\/wp\/v2\/product_tag?post=94434"}],"curies":[{"name":"wp","href":"https:\/\/api.w.org\/{rel}","templated":true}]}}