{"id":94454,"date":"2026-04-09T00:05:26","date_gmt":"2026-04-08T21:05:26","guid":{"rendered":"https:\/\/rezekne.citro.lv\/veikals\/grilsteiks-armenu-gaume-430g\/"},"modified":"2026-04-10T06:02:57","modified_gmt":"2026-04-10T03:02:57","slug":"grilsteiks-armenu-gaume-430g","status":"publish","type":"product","link":"https:\/\/rezekne.citro.lv\/ru\/product\/grilsteiks-armenu-gaume-430g\/","title":{"rendered":"GRILSTEIKS ARM\u0112\u0145U GAUM\u0112 430G"},"content":{"rendered":"<p>Izcelsmes valsts: Igaunija<\/p>\n","protected":false},"excerpt":{"rendered":"<p>7.65 \u20ac\/KG<\/p>\n","protected":false},"featured_media":0,"template":"","meta":{"_acf_changed":false,"inline_featured_image":false},"product_cat":[135,174],"product_tag":[],"acf":[],"aioseo_notices":[],"_links":{"self":[{"href":"https:\/\/rezekne.citro.lv\/ru\/wp-json\/wp\/v2\/product\/94454"}],"collection":[{"href":"https:\/\/rezekne.citro.lv\/ru\/wp-json\/wp\/v2\/product"}],"about":[{"href":"https:\/\/rezekne.citro.lv\/ru\/wp-json\/wp\/v2\/types\/product"}],"wp:attachment":[{"href":"https:\/\/rezekne.citro.lv\/ru\/wp-json\/wp\/v2\/media?parent=94454"}],"wp:term":[{"taxonomy":"product_cat","embeddable":true,"href":"https:\/\/rezekne.citro.lv\/ru\/wp-json\/wp\/v2\/product_cat?post=94454"},{"taxonomy":"product_tag","embeddable":true,"href":"https:\/\/rezekne.citro.lv\/ru\/wp-json\/wp\/v2\/product_tag?post=94454"}],"curies":[{"name":"wp","href":"https:\/\/api.w.org\/{rel}","templated":true}]}}