{"id":94456,"date":"2026-04-02T00:02:25","date_gmt":"2026-04-01T21:02:25","guid":{"rendered":"https:\/\/rezekne.citro.lv\/veikals\/olivas-zalas-bez-kauliniem-gourmante-370g\/"},"modified":"2026-04-02T00:02:25","modified_gmt":"2026-04-01T21:02:25","slug":"olivas-zalas-bez-kauliniem-gourmante-370g","status":"publish","type":"product","link":"https:\/\/rezekne.citro.lv\/ru\/product\/olivas-zalas-bez-kauliniem-gourmante-370g\/","title":{"rendered":"OL\u012aVAS ZA\u013b\u0100S BEZ KAULI\u0145IEM GOURMANTE 370G"},"content":{"rendered":"","protected":false},"excerpt":{"rendered":"<p>9.43 \u20ac\/KG<\/p>\n","protected":false},"featured_media":94451,"template":"","meta":{"_acf_changed":false,"inline_featured_image":false},"product_cat":[103,137],"product_tag":[],"acf":[],"aioseo_notices":[],"_links":{"self":[{"href":"https:\/\/rezekne.citro.lv\/ru\/wp-json\/wp\/v2\/product\/94456"}],"collection":[{"href":"https:\/\/rezekne.citro.lv\/ru\/wp-json\/wp\/v2\/product"}],"about":[{"href":"https:\/\/rezekne.citro.lv\/ru\/wp-json\/wp\/v2\/types\/product"}],"wp:featuredmedia":[{"embeddable":true,"href":"https:\/\/rezekne.citro.lv\/ru\/wp-json\/wp\/v2\/media\/94451"}],"wp:attachment":[{"href":"https:\/\/rezekne.citro.lv\/ru\/wp-json\/wp\/v2\/media?parent=94456"}],"wp:term":[{"taxonomy":"product_cat","embeddable":true,"href":"https:\/\/rezekne.citro.lv\/ru\/wp-json\/wp\/v2\/product_cat?post=94456"},{"taxonomy":"product_tag","embeddable":true,"href":"https:\/\/rezekne.citro.lv\/ru\/wp-json\/wp\/v2\/product_tag?post=94456"}],"curies":[{"name":"wp","href":"https:\/\/api.w.org\/{rel}","templated":true}]}}