{"id":94472,"date":"2026-04-03T00:02:27","date_gmt":"2026-04-02T21:02:27","guid":{"rendered":"https:\/\/rezekne.citro.lv\/veikals\/maisijums-speltas-graudi-ar-vermicelli-makaroniem-un-kalteti-tomati-melvit-4x100g\/"},"modified":"2026-04-03T00:02:28","modified_gmt":"2026-04-02T21:02:28","slug":"maisijums-speltas-graudi-ar-vermicelli-makaroniem-un-kalteti-tomati-melvit-4x100g","status":"publish","type":"product","link":"https:\/\/rezekne.citro.lv\/ru\/product\/maisijums-speltas-graudi-ar-vermicelli-makaroniem-un-kalteti-tomati-melvit-4x100g\/","title":{"rendered":"MAIS\u012aJUMS SPELTAS GRAUDI AR VERMICELLI MAKARONIEM UN KALT\u0112TI TOM\u0100TI  MELVIT  4X100G"},"content":{"rendered":"<p>Izcelsmes valsts: Polija<\/p>\n","protected":false},"excerpt":{"rendered":"<p>5.98 \u20ac\/KG<\/p>\n","protected":false},"featured_media":0,"template":"","meta":{"_acf_changed":false,"inline_featured_image":false},"product_cat":[118,121],"product_tag":[],"acf":[],"aioseo_notices":[],"_links":{"self":[{"href":"https:\/\/rezekne.citro.lv\/ru\/wp-json\/wp\/v2\/product\/94472"}],"collection":[{"href":"https:\/\/rezekne.citro.lv\/ru\/wp-json\/wp\/v2\/product"}],"about":[{"href":"https:\/\/rezekne.citro.lv\/ru\/wp-json\/wp\/v2\/types\/product"}],"wp:attachment":[{"href":"https:\/\/rezekne.citro.lv\/ru\/wp-json\/wp\/v2\/media?parent=94472"}],"wp:term":[{"taxonomy":"product_cat","embeddable":true,"href":"https:\/\/rezekne.citro.lv\/ru\/wp-json\/wp\/v2\/product_cat?post=94472"},{"taxonomy":"product_tag","embeddable":true,"href":"https:\/\/rezekne.citro.lv\/ru\/wp-json\/wp\/v2\/product_tag?post=94472"}],"curies":[{"name":"wp","href":"https:\/\/api.w.org\/{rel}","templated":true}]}}