{"id":94473,"date":"2026-05-07T00:03:49","date_gmt":"2026-05-06T21:03:49","guid":{"rendered":"https:\/\/rezekne.citro.lv\/veikals\/cipsi-kukuruzas-doritos-nacho-ar-siera-garsu-90g\/"},"modified":"2026-05-07T00:03:51","modified_gmt":"2026-05-06T21:03:51","slug":"cipsi-kukuruzas-doritos-nacho-ar-siera-garsu-90g","status":"publish","type":"product","link":"https:\/\/rezekne.citro.lv\/ru\/product\/cipsi-kukuruzas-doritos-nacho-ar-siera-garsu-90g\/","title":{"rendered":"\u010cIP\u0160I KUKUR\u016aZAS DORITOS NACHO AR SIERA GAR\u0160U\u00a0 90G"},"content":{"rendered":"<p>Izcelsmes valsts: Polija<\/p>\n","protected":false},"excerpt":{"rendered":"<p>19.89 \u20ac\/KG<\/p>\n","protected":false},"featured_media":0,"template":"","meta":{"_acf_changed":false,"inline_featured_image":false},"product_cat":[125,191],"product_tag":[],"acf":[],"aioseo_notices":[],"_links":{"self":[{"href":"https:\/\/rezekne.citro.lv\/ru\/wp-json\/wp\/v2\/product\/94473"}],"collection":[{"href":"https:\/\/rezekne.citro.lv\/ru\/wp-json\/wp\/v2\/product"}],"about":[{"href":"https:\/\/rezekne.citro.lv\/ru\/wp-json\/wp\/v2\/types\/product"}],"wp:attachment":[{"href":"https:\/\/rezekne.citro.lv\/ru\/wp-json\/wp\/v2\/media?parent=94473"}],"wp:term":[{"taxonomy":"product_cat","embeddable":true,"href":"https:\/\/rezekne.citro.lv\/ru\/wp-json\/wp\/v2\/product_cat?post=94473"},{"taxonomy":"product_tag","embeddable":true,"href":"https:\/\/rezekne.citro.lv\/ru\/wp-json\/wp\/v2\/product_tag?post=94473"}],"curies":[{"name":"wp","href":"https:\/\/api.w.org\/{rel}","templated":true}]}}