{"id":94477,"date":"2026-04-03T00:02:27","date_gmt":"2026-04-02T21:02:27","guid":{"rendered":"https:\/\/rezekne.citro.lv\/veikals\/tomati-kirsu-marineti-veres-440g\/"},"modified":"2026-05-08T06:02:54","modified_gmt":"2026-05-08T03:02:54","slug":"tomati-kirsu-marineti-veres-440g","status":"publish","type":"product","link":"https:\/\/rezekne.citro.lv\/ru\/product\/tomati-kirsu-marineti-veres-440g\/","title":{"rendered":"TOM\u0100TI \u0136IR\u0160U MARIN\u0112TI VERES 440G"},"content":{"rendered":"<p>Izcelsmes valsts: Ukraina<\/p>\n","protected":false},"excerpt":{"rendered":"<p>6.80 \u20ac\/KG<\/p>\n","protected":false},"featured_media":94462,"template":"","meta":{"_acf_changed":false,"inline_featured_image":false},"product_cat":[103,137],"product_tag":[],"acf":[],"aioseo_notices":[],"_links":{"self":[{"href":"https:\/\/rezekne.citro.lv\/ru\/wp-json\/wp\/v2\/product\/94477"}],"collection":[{"href":"https:\/\/rezekne.citro.lv\/ru\/wp-json\/wp\/v2\/product"}],"about":[{"href":"https:\/\/rezekne.citro.lv\/ru\/wp-json\/wp\/v2\/types\/product"}],"wp:featuredmedia":[{"embeddable":true,"href":"https:\/\/rezekne.citro.lv\/ru\/wp-json\/wp\/v2\/media\/94462"}],"wp:attachment":[{"href":"https:\/\/rezekne.citro.lv\/ru\/wp-json\/wp\/v2\/media?parent=94477"}],"wp:term":[{"taxonomy":"product_cat","embeddable":true,"href":"https:\/\/rezekne.citro.lv\/ru\/wp-json\/wp\/v2\/product_cat?post=94477"},{"taxonomy":"product_tag","embeddable":true,"href":"https:\/\/rezekne.citro.lv\/ru\/wp-json\/wp\/v2\/product_tag?post=94477"}],"curies":[{"name":"wp","href":"https:\/\/api.w.org\/{rel}","templated":true}]}}