{"id":94478,"date":"2026-04-03T00:02:27","date_gmt":"2026-04-02T21:02:27","guid":{"rendered":"https:\/\/rezekne.citro.lv\/veikals\/maisijums-lobiti-miezizalas-lecasbulgurs-melvit-4x100g\/"},"modified":"2026-04-03T00:02:37","modified_gmt":"2026-04-02T21:02:37","slug":"maisijums-lobiti-miezizalas-lecasbulgurs-melvit-4x100g","status":"publish","type":"product","link":"https:\/\/rezekne.citro.lv\/ru\/product\/maisijums-lobiti-miezizalas-lecasbulgurs-melvit-4x100g\/","title":{"rendered":"MAIS\u012aJUMS LOB\u012aTI MIE\u017dI,ZA\u013bAS L\u0112CAS,BULGURS MELVIT  4X100G"},"content":{"rendered":"<p>Izcelsmes valsts: Polija<\/p>\n","protected":false},"excerpt":{"rendered":"<p>5.98 \u20ac\/KG<\/p>\n","protected":false},"featured_media":94467,"template":"","meta":{"_acf_changed":false,"inline_featured_image":false},"product_cat":[118,121],"product_tag":[],"acf":[],"aioseo_notices":[],"_links":{"self":[{"href":"https:\/\/rezekne.citro.lv\/ru\/wp-json\/wp\/v2\/product\/94478"}],"collection":[{"href":"https:\/\/rezekne.citro.lv\/ru\/wp-json\/wp\/v2\/product"}],"about":[{"href":"https:\/\/rezekne.citro.lv\/ru\/wp-json\/wp\/v2\/types\/product"}],"wp:featuredmedia":[{"embeddable":true,"href":"https:\/\/rezekne.citro.lv\/ru\/wp-json\/wp\/v2\/media\/94467"}],"wp:attachment":[{"href":"https:\/\/rezekne.citro.lv\/ru\/wp-json\/wp\/v2\/media?parent=94478"}],"wp:term":[{"taxonomy":"product_cat","embeddable":true,"href":"https:\/\/rezekne.citro.lv\/ru\/wp-json\/wp\/v2\/product_cat?post=94478"},{"taxonomy":"product_tag","embeddable":true,"href":"https:\/\/rezekne.citro.lv\/ru\/wp-json\/wp\/v2\/product_tag?post=94478"}],"curies":[{"name":"wp","href":"https:\/\/api.w.org\/{rel}","templated":true}]}}