{"id":94499,"date":"2026-04-10T00:01:47","date_gmt":"2026-04-09T21:01:47","guid":{"rendered":"https:\/\/rezekne.citro.lv\/veikals\/sasliks-cukgalas-jogurta-aerogrilam-un-cepeskrasnij-430g\/"},"modified":"2026-04-15T06:00:34","modified_gmt":"2026-04-15T03:00:34","slug":"sasliks-cukgalas-jogurta-aerogrilam-un-cepeskrasnij-430g","status":"publish","type":"product","link":"https:\/\/rezekne.citro.lv\/ru\/product\/sasliks-cukgalas-jogurta-aerogrilam-un-cepeskrasnij-430g\/","title":{"rendered":"\u0160A\u0160LIKS C\u016aKGA\u013bAS JOGURT\u0100 AEROGRILAM UN CEPE\u0160KR\u0100SNIJ 430G"},"content":{"rendered":"<p>Izcelsmes valsts: Latvija<\/p>\n","protected":false},"excerpt":{"rendered":"<p>9.28 \u20ac\/KG<\/p>\n","protected":false},"featured_media":0,"template":"","meta":{"_acf_changed":false,"inline_featured_image":false},"product_cat":[135,182],"product_tag":[],"acf":[],"aioseo_notices":[],"_links":{"self":[{"href":"https:\/\/rezekne.citro.lv\/ru\/wp-json\/wp\/v2\/product\/94499"}],"collection":[{"href":"https:\/\/rezekne.citro.lv\/ru\/wp-json\/wp\/v2\/product"}],"about":[{"href":"https:\/\/rezekne.citro.lv\/ru\/wp-json\/wp\/v2\/types\/product"}],"wp:attachment":[{"href":"https:\/\/rezekne.citro.lv\/ru\/wp-json\/wp\/v2\/media?parent=94499"}],"wp:term":[{"taxonomy":"product_cat","embeddable":true,"href":"https:\/\/rezekne.citro.lv\/ru\/wp-json\/wp\/v2\/product_cat?post=94499"},{"taxonomy":"product_tag","embeddable":true,"href":"https:\/\/rezekne.citro.lv\/ru\/wp-json\/wp\/v2\/product_tag?post=94499"}],"curies":[{"name":"wp","href":"https:\/\/api.w.org\/{rel}","templated":true}]}}