{"id":94501,"date":"2026-04-23T00:03:29","date_gmt":"2026-04-22T21:03:29","guid":{"rendered":"https:\/\/rezekne.citro.lv\/veikals\/piena-dzeriens-mullermilch-avenu-1-3-400g\/"},"modified":"2026-04-24T06:00:25","modified_gmt":"2026-04-24T03:00:25","slug":"piena-dzeriens-mullermilch-avenu-1-3-400g","status":"publish","type":"product","link":"https:\/\/rezekne.citro.lv\/ru\/product\/piena-dzeriens-mullermilch-avenu-1-3-400g\/","title":{"rendered":"PIENA DZ\u0112RIENS M\u00dcLLERMILCH AVE\u0145U 1.3% 400G"},"content":{"rendered":"<p>Izcelsmes valsts: Valsts \u2013 nav zi\u0146u<\/p>\n","protected":false},"excerpt":{"rendered":"<p>3.73 \u20ac\/KG<\/p>\n","protected":false},"featured_media":0,"template":"","meta":{"_acf_changed":false,"inline_featured_image":false},"product_cat":[95,210],"product_tag":[],"acf":[],"aioseo_notices":[],"_links":{"self":[{"href":"https:\/\/rezekne.citro.lv\/ru\/wp-json\/wp\/v2\/product\/94501"}],"collection":[{"href":"https:\/\/rezekne.citro.lv\/ru\/wp-json\/wp\/v2\/product"}],"about":[{"href":"https:\/\/rezekne.citro.lv\/ru\/wp-json\/wp\/v2\/types\/product"}],"wp:attachment":[{"href":"https:\/\/rezekne.citro.lv\/ru\/wp-json\/wp\/v2\/media?parent=94501"}],"wp:term":[{"taxonomy":"product_cat","embeddable":true,"href":"https:\/\/rezekne.citro.lv\/ru\/wp-json\/wp\/v2\/product_cat?post=94501"},{"taxonomy":"product_tag","embeddable":true,"href":"https:\/\/rezekne.citro.lv\/ru\/wp-json\/wp\/v2\/product_tag?post=94501"}],"curies":[{"name":"wp","href":"https:\/\/api.w.org\/{rel}","templated":true}]}}